{"id":2162,"date":"2023-03-06T17:03:31","date_gmt":"2023-03-06T17:03:31","guid":{"rendered":"https:\/\/serranasdomondego.pt\/?page_id=2162"},"modified":"2023-03-28T15:03:36","modified_gmt":"2023-03-28T15:03:36","slug":"termos-condicoes","status":"publish","type":"page","link":"https:\/\/serranasdomondego.pt\/en\/termos-condicoes\/","title":{"rendered":"Termos &#038; Condi\u00e7\u00f5es"},"content":{"rendered":"<div class=\"wpb-content-wrapper\"><div class=\"vc_row wpb_row vc_row-fluid vc_custom_1677860816035\"><div class=\"wpb_column vc_column_container vc_col-sm-12\"><div class=\"vc_column-inner\"><div class=\"wpb_wrapper\">\n\t<div class=\"wpb_text_column wpb_content_element\" >\n\t\t<div class=\"wpb_wrapper\">\n\t\t\t<h2><span style=\"font-size: 18pt;\">1. Terms<\/span><\/h2>\n<p>By accessing\u00a0<a href=\"https:\/\/politicaprivacidade.com\/serranasdomondego.pt\">th Serranas do Mondego website<\/a>, you agree to abide by these terms of service, all applicable laws and regulations, and agree that you are responsible for complying with all applicable laws. If you do not agree with some of these terms, you are prohibited from using or accessing this website. The materials on this site are protected by copyright and trademark laws.<\/p>\n<h2><span style=\"font-size: 18pt;\">2. Use of License<\/span><\/h2>\n<p>Permission is granted to temporarily download one copy of the materials (information or software) on Serranas do Mondego's website for personal, non-commercial transitory viewing only. This is the grant of a license, not a transfer of title, and under this license you may not:<\/p>\n<ol>\n<li>modify or copy the materials;<\/li>\n<li>use the materials for any commercial purpose or for public display (commercial or non-commercial);<\/li>\n<li>attempt to decompile or reverse engineer any software contained on the Serranas do Mondego website;<\/li>\n<li>remove any copyright or other proprietary notations from the materials; or<\/li>\n<li>transfer the materials to another person or 'mirror' the materials on any other server.<\/li>\n<\/ol>\n<p>This license will automatically terminate if you violate any of these restrictions and may be terminated by Serranas do Mondego at any time. Upon ceasing to view these materials or upon termination of this license, you must delete all downloaded materials in your possession, whether in electronic or printed form.<\/p>\n<h2><span style=\"font-size: 18pt;\">3. Disclaimer<\/span><\/h2>\n<ol>\n<li>The materials on Serranas do Mondego's website are provided \"as is\". Serranas do Mondego makes no warranties, express or implied, and hereby disclaims and disclaims all other warranties, including, without limitation, implied warranties or conditions of merchantability, fitness for a particular purpose, or non-infringement of intellectual property or other violation of rights.<\/li>\n<li>Furthermore, Serranas do Mondego does not guarantee or make any representations regarding the accuracy, likely results or reliability of the use of the materials on its website or otherwise related to these materials or on websites linked to this website.<\/li>\n<\/ol>\n<h2><span style=\"font-size: 18pt;\">4. Limitations<\/span><\/h2>\n<p>In no event shall Serranas do Mondego or its suppliers be liable for any damages (including, without limitation, damages for loss of data or profit or due to business interruption) arising out of the use or inability to use the materials on Serranas do Mondego Mondego, even if Serranas do Mondego or an authorized representative of Serranas do Mondego has been notified orally or in writing of the possibility of such damages. Because some jurisdictions do not allow limitations on implied warranties, or limitations on liability for consequential or incidental damages, these limitations may not apply to you.<\/p>\n<h2><span style=\"font-size: 18pt;\">5. Accuracy of materials<\/span><\/h2>\n<p>The materials appearing on Serranas do Mondego's website could include technical, typographical, or photographic errors. Serranas do Mondego does not warrant that any of the materials on its website are accurate, complete or current. Serranas do Mondego may make changes to the materials contained on its web site at any time without notice. However, Serranas do Mondego does not make any commitment to update the materials.<\/p>\n<h2><span style=\"font-size: 18pt;\">6. Links<\/span><\/h2>\n<p>Serranas do Mondego has not reviewed all of the sites linked to its site and is not responsible for the content of any such linked site. The inclusion of any link does not imply endorsement by Serranas do Mondego of the site. Use of any linked site is at the user's own risk.<\/p>\n<h3><span style=\"font-size: 18pt;\">7. Modifica\u00e7\u00f5es<\/span><\/h3>\n<p>Serranas do Mondego may revise these terms of service for its website at any time without prior notice. By using this website, you agree to be bound by the current version of these terms of service.<\/p>\n<h3><span style=\"font-size: 18pt;\">8. Lei aplic\u00e1vel<\/span><\/h3>\n<p>These terms and conditions are governed by and construed in accordance with the laws of Serranas do Mondego and you irrevocably submit to the exclusive jurisdiction of the courts in that state or locality.<\/p>\n\n\t\t<\/div>\n\t<\/div>\n<\/div><\/div><\/div><\/div><div data-vc-full-width=\"true\" data-vc-full-width-init=\"false\" class=\"vc_row wpb_row vc_row-fluid vc_custom_1677858201194 vc_row-has-fill\"><div class=\"wpb_column vc_column_container vc_col-sm-12\"><div class=\"vc_column-inner vc_custom_1460570299912\"><div class=\"wpb_wrapper\">\n\t<div  class=\"wpb_single_image wpb_content_element vc_align_center  vc_custom_1675955879767\">\n\t\t\n\t\t<figure class=\"wpb_wrapper vc_figure\">\n\t\t\t<div class=\"vc_single_image-wrapper   vc_box_border_grey\"><img decoding=\"async\" class=\"vc_single_image-img\" src=\"https:\/\/serranasdomondego.pt\/wp-content\/uploads\/2023\/02\/Logo-Serranas-225x56.png\" width=\"225\" height=\"56\" alt=\"Logo Serranas\" title=\"Logo Serranas\" loading=\"lazy\"  data-dt-location=\"https:\/\/serranasdomondego.pt\/en\/home\/logo-serranas\/\" \/><\/div>\n\t\t<\/figure>\n\t<\/div>\n<\/div><\/div><\/div><div class=\"wpb_column vc_column_container vc_col-sm-12 vc_col-lg-offset-1 vc_col-lg-10 vc_col-md-offset-1 vc_col-md-10 vc_col-sm-offset-0\"><div class=\"vc_column-inner vc_custom_1461332951646\"><div class=\"wpb_wrapper\"><div class=\"vc_row wpb_row vc_inner vc_row-fluid\"><div class=\"wpb_column vc_column_container vc_col-sm-3\"><div class=\"vc_column-inner vc_custom_1461332837092\"><div class=\"wpb_wrapper\"><div id=\"ultimate-heading-632969e7b1df32e2a\" class=\"uvc-heading ult-adjust-bottom-margin ultimate-heading-632969e7b1df32e2a uvc-2409\" data-hspacer=\"no_spacer\"  data-halign=\"center\" style=\"text-align:center\"><div class=\"uvc-heading-spacer no_spacer\" style=\"top\"><\/div><div class=\"uvc-sub-heading ult-responsive\"  data-ultimate-target='.uvc-heading.ultimate-heading-632969e7b1df32e2a .uvc-sub-heading '  data-responsive-json-new='{\"font-size\":\"desktop:15px;\",\"line-height\":\"desktop:22px;\"}'  style=\"font-family:&#039;Poppins&#039;;font-weight:normal;font-style:normal;color:#a0a0a0;\"><\/p>\n<p style=\"text-align: center; font-weight: 500;\">Company: QUADRANTE ALTERNATIVO, LDA<\/p>\n<p style=\"text-align: center; font-weight: 500;\">NIF: 514574623<\/p>\n<p style=\"text-align: center; font-weight: 500;\">Registration n\u00ba: 464\/2020<\/p>\n<p style=\"text-align: center; font-weight: 500;\">RNAAT<\/p>\n<p><\/div><\/div><\/div><\/div><\/div><div class=\"wpb_column vc_column_container vc_col-sm-3\"><div class=\"vc_column-inner vc_custom_1461332842664\"><div class=\"wpb_wrapper\"><div id=\"ultimate-heading-442569e7b1df32ebb\" class=\"uvc-heading ult-adjust-bottom-margin ultimate-heading-442569e7b1df32ebb uvc-2754\" data-hspacer=\"no_spacer\"  data-halign=\"center\" style=\"text-align:center\"><div class=\"uvc-heading-spacer no_spacer\" style=\"top\"><\/div><div class=\"uvc-sub-heading ult-responsive\"  data-ultimate-target='.uvc-heading.ultimate-heading-442569e7b1df32ebb .uvc-sub-heading '  data-responsive-json-new='{\"font-size\":\"desktop:15px;\",\"line-height\":\"desktop:22px;\"}'  style=\"font-family:&#039;Poppins&#039;;font-weight:normal;font-style:normal;color:#a0a0a0;\"><\/p>\n<p style=\"text-align: center; font-weight: 500;\">Rua Ramal de Chelo, N\u00ba 2, Rebordosa 3360-108 Lorv\u00e3o<\/p>\n<p style=\"text-align: center; font-weight: 500;\">Mondey to Friday: 10.00h \u2013 19:00h<\/p>\n<p style=\"text-align: center; font-weight: 500;\">Saturdays and Sundays: 09.00h \u2013 19:00h<\/p>\n<p><\/div><\/div><\/div><\/div><\/div><div class=\"wpb_column vc_column_container vc_col-sm-3\"><div class=\"vc_column-inner vc_custom_1461332847822\"><div class=\"wpb_wrapper\"><div id=\"ultimate-heading-652669e7b1df32f28\" class=\"uvc-heading ult-adjust-bottom-margin ultimate-heading-652669e7b1df32f28 uvc-9111\" data-hspacer=\"no_spacer\"  data-halign=\"center\" style=\"text-align:center\"><div class=\"uvc-heading-spacer no_spacer\" style=\"top\"><\/div><div class=\"uvc-sub-heading ult-responsive\"  data-ultimate-target='.uvc-heading.ultimate-heading-652669e7b1df32f28 .uvc-sub-heading '  data-responsive-json-new='{\"font-size\":\"desktop:15px;\",\"line-height\":\"desktop:22px;\"}'  style=\"font-family:&#039;Poppins&#039;;font-weight:normal;font-style:normal;color:#a0a0a0;\"><\/p>\n<p style=\"text-align: center; font-weight: 500;\"><span style=\"color: #a09e93;\"><a style=\"color: #999999;\" href=\"https:\/\/serranasdomondego.pt\/en\/a-nossa-historia\/\">Our History<\/a><\/span><\/p>\n<p style=\"text-align: center;\"><span style=\"color: #a09e93;\"><a style=\"color: #999999;\" href=\"https:\/\/serranasdomondego.pt\/en\/termos-condicoes\/\">Terms &amp; Conditions<\/a><\/span><\/p>\n<p style=\"text-align: center;\"><span style=\"color: #a09e93;\"><a style=\"color: #999999;\" href=\"https:\/\/serranasdomondego.pt\/en\/politica-de-privacidade\/\">Privacy Policy<\/a><\/span><\/p>\n<p style=\"text-align: center;\"><span style=\"color: #a09e93;\"><a style=\"color: #999999;\" href=\"https:\/\/www.livroreclamacoes.pt\/INICIO\/\">Online Complaint Book<\/a><\/span><\/p>\n<p><\/div><\/div><\/div><\/div><\/div><div class=\"wpb_column vc_column_container vc_col-sm-3\"><div class=\"vc_column-inner\"><div class=\"wpb_wrapper\"><div id=\"ultimate-heading-586469e7b1df32f82\" class=\"uvc-heading ult-adjust-bottom-margin ultimate-heading-586469e7b1df32f82 uvc-6425\" data-hspacer=\"no_spacer\"  data-halign=\"center\" style=\"text-align:center\"><div class=\"uvc-heading-spacer no_spacer\" style=\"top\"><\/div><div class=\"uvc-sub-heading ult-responsive\"  data-ultimate-target='.uvc-heading.ultimate-heading-586469e7b1df32f82 .uvc-sub-heading '  data-responsive-json-new='{\"font-size\":\"desktop:15px;\",\"line-height\":\"desktop:22px;\"}'  style=\"font-family:&#039;Poppins&#039;;font-weight:normal;font-style:normal;color:#a0a0a0;\"><\/p>\n<p style=\"text-align: center; font-weight: 500;\">+351 968 039 154 (National mobile network call)<\/p>\n<p style=\"text-align: center; font-weight: 500;\">quadrantealternativo@gmail.com<\/p>\n<p><\/div><\/div><\/div><\/div><\/div><\/div><\/div><\/div><\/div><div class=\"wpb_column vc_column_container vc_col-sm-12\"><div class=\"vc_column-inner vc_custom_1460570841666\"><div class=\"wpb_wrapper\"><div class=\"uavc-icons-center uavc-icons\">\n<a class=\"aio-tooltip 69e7b1df330a4\" href=\"https:\/\/www.facebook.com\/profile.php?id=100057235275428\" target=\"_blank\" rel=\"noopener\"  data-toggle=\"tooltip\" data-placement=\"\" title=\"\"><div class=\"aio-icon circle\" data-animation=\"\" data-animation-delay=\"03\" style=\"color:#131313;background:#f7f7f7;font-size:18px;margin-right:5px;\">\n\t<i class=\"icomoon-free-social-contact-16x16-facebook\"><\/i>\n<\/div><\/a>\n<a class=\"aio-tooltip 69e7b1df330c2\" href=\"https:\/\/www.instagram.com\/serranas_do_mondego\/\" target=\"_blank\" rel=\"noopener\"  data-toggle=\"tooltip\" data-placement=\"\" title=\"\"><div class=\"aio-icon circle\" data-animation=\"\" data-animation-delay=\"03\" style=\"color:#131313;background:#f7f7f7;font-size:18px;margin-right:5px;\">\n\t<i class=\"icomoon-free-social-contact-16x16-instagram\"><\/i>\n<\/div><\/a><\/div><\/div><\/div><\/div><div class=\"wpb_column vc_column_container vc_col-sm-12\"><div class=\"vc_column-inner\"><div class=\"wpb_wrapper\"><div id=\"ultimate-heading-483969e7b1df33129\" class=\"uvc-heading ult-adjust-bottom-margin ultimate-heading-483969e7b1df33129 uvc-815\" data-hspacer=\"no_spacer\"  data-halign=\"center\" style=\"text-align:center\"><div class=\"uvc-heading-spacer no_spacer\" style=\"top\"><\/div><div class=\"uvc-sub-heading ult-responsive\"  data-ultimate-target='.uvc-heading.ultimate-heading-483969e7b1df33129 .uvc-sub-heading '  data-responsive-json-new='{\"font-size\":\"desktop:15px;\",\"line-height\":\"desktop:22px;\"}'  style=\"font-family:&#039;Poppins&#039;;font-weight:normal;font-style:normal;color:#a0a0a0;\">Serranas do Mondego 2023. All rights reserved.<\/div><\/div><\/div><\/div><\/div><\/div><div class=\"vc_row-full-width vc_clearfix\"><\/div>\n<\/div>","protected":false},"excerpt":{"rendered":"<p>1. Termos Ao acessar ao site\u00a0Serranas do Mondego, concorda em cumprir estes termos de servi\u00e7o, todas as leis e regulamentos aplic\u00e1veis \u200b\u200be concorda que \u00e9 respons\u00e1vel pelo cumprimento de todas as leis locais aplic\u00e1veis. Se voc\u00ea n\u00e3o concordar com algum desses termos, est\u00e1 proibido de usar ou acessar este site. Os materiais contidos neste site&hellip;<\/p>","protected":false},"author":1,"featured_media":0,"parent":0,"menu_order":0,"comment_status":"closed","ping_status":"closed","template":"","meta":{"footnotes":""},"class_list":["post-2162","page","type-page","status-publish","hentry","description-off"],"yoast_head":"<!-- This site is optimized with the Yoast SEO plugin v21.7 - https:\/\/yoast.com\/wordpress\/plugins\/seo\/ -->\n<title>Termos &amp; Condi\u00e7\u00f5es - Serranas do Mondego<\/title>\n<meta name=\"robots\" content=\"index, follow, max-snippet:-1, max-image-preview:large, max-video-preview:-1\" \/>\n<link rel=\"canonical\" href=\"https:\/\/serranasdomondego.pt\/en\/termos-condicoes\/\" \/>\n<meta property=\"og:locale\" content=\"en_US\" \/>\n<meta property=\"og:type\" content=\"article\" \/>\n<meta property=\"og:title\" content=\"Termos &amp; Condi\u00e7\u00f5es - Serranas do Mondego\" \/>\n<meta property=\"og:url\" content=\"https:\/\/serranasdomondego.pt\/en\/termos-condicoes\/\" \/>\n<meta property=\"og:site_name\" content=\"Serranas do Mondego\" \/>\n<meta property=\"article:publisher\" content=\"https:\/\/www.facebook.com\/profile.php?id=100057235275428\" \/>\n<meta property=\"article:modified_time\" content=\"2023-03-28T15:03:36+00:00\" \/>\n<meta name=\"twitter:card\" content=\"summary_large_image\" \/>\n<meta name=\"twitter:label1\" content=\"Est. reading time\" \/>\n\t<meta name=\"twitter:data1\" content=\"7 minutes\" \/>\n<script type=\"application\/ld+json\" class=\"yoast-schema-graph\">{\"@context\":\"https:\/\/schema.org\",\"@graph\":[{\"@type\":\"WebPage\",\"@id\":\"https:\/\/serranasdomondego.pt\/termos-condicoes\/\",\"url\":\"https:\/\/serranasdomondego.pt\/termos-condicoes\/\",\"name\":\"Termos & Condi\u00e7\u00f5es - Serranas do Mondego\",\"isPartOf\":{\"@id\":\"https:\/\/serranasdomondego.pt\/#website\"},\"datePublished\":\"2023-03-06T17:03:31+00:00\",\"dateModified\":\"2023-03-28T15:03:36+00:00\",\"breadcrumb\":{\"@id\":\"https:\/\/serranasdomondego.pt\/termos-condicoes\/#breadcrumb\"},\"inLanguage\":\"en-US\",\"potentialAction\":[{\"@type\":\"ReadAction\",\"target\":[\"https:\/\/serranasdomondego.pt\/termos-condicoes\/\"]}]},{\"@type\":\"BreadcrumbList\",\"@id\":\"https:\/\/serranasdomondego.pt\/termos-condicoes\/#breadcrumb\",\"itemListElement\":[{\"@type\":\"ListItem\",\"position\":1,\"name\":\"In\u00edcio\",\"item\":\"https:\/\/serranasdomondego.pt\/\"},{\"@type\":\"ListItem\",\"position\":2,\"name\":\"Termos &#038; Condi\u00e7\u00f5es\"}]},{\"@type\":\"WebSite\",\"@id\":\"https:\/\/serranasdomondego.pt\/#website\",\"url\":\"https:\/\/serranasdomondego.pt\/\",\"name\":\"Serranas do Mondego\",\"description\":\"Passeios de barco no Mondego, acompanhados de gastronomia regional. Visite Coimbra e a sua hist\u00f3ria.\",\"potentialAction\":[{\"@type\":\"SearchAction\",\"target\":{\"@type\":\"EntryPoint\",\"urlTemplate\":\"https:\/\/serranasdomondego.pt\/?s={search_term_string}\"},\"query-input\":\"required name=search_term_string\"}],\"inLanguage\":\"en-US\"}]}<\/script>\n<!-- \/ Yoast SEO plugin. -->","yoast_head_json":{"title":"Termos & Condi\u00e7\u00f5es - Serranas do Mondego","robots":{"index":"index","follow":"follow","max-snippet":"max-snippet:-1","max-image-preview":"max-image-preview:large","max-video-preview":"max-video-preview:-1"},"canonical":"https:\/\/serranasdomondego.pt\/en\/termos-condicoes\/","og_locale":"en_US","og_type":"article","og_title":"Termos & Condi\u00e7\u00f5es - Serranas do Mondego","og_url":"https:\/\/serranasdomondego.pt\/en\/termos-condicoes\/","og_site_name":"Serranas do Mondego","article_publisher":"https:\/\/www.facebook.com\/profile.php?id=100057235275428","article_modified_time":"2023-03-28T15:03:36+00:00","twitter_card":"summary_large_image","twitter_misc":{"Est. reading time":"7 minutes"},"schema":{"@context":"https:\/\/schema.org","@graph":[{"@type":"WebPage","@id":"https:\/\/serranasdomondego.pt\/termos-condicoes\/","url":"https:\/\/serranasdomondego.pt\/termos-condicoes\/","name":"Termos & Condi\u00e7\u00f5es - Serranas do Mondego","isPartOf":{"@id":"https:\/\/serranasdomondego.pt\/#website"},"datePublished":"2023-03-06T17:03:31+00:00","dateModified":"2023-03-28T15:03:36+00:00","breadcrumb":{"@id":"https:\/\/serranasdomondego.pt\/termos-condicoes\/#breadcrumb"},"inLanguage":"en-US","potentialAction":[{"@type":"ReadAction","target":["https:\/\/serranasdomondego.pt\/termos-condicoes\/"]}]},{"@type":"BreadcrumbList","@id":"https:\/\/serranasdomondego.pt\/termos-condicoes\/#breadcrumb","itemListElement":[{"@type":"ListItem","position":1,"name":"In\u00edcio","item":"https:\/\/serranasdomondego.pt\/"},{"@type":"ListItem","position":2,"name":"Termos &#038; Condi\u00e7\u00f5es"}]},{"@type":"WebSite","@id":"https:\/\/serranasdomondego.pt\/#website","url":"https:\/\/serranasdomondego.pt\/","name":"Serranas do Mondego","description":"Passeios de barco no Mondego, acompanhados de gastronomia regional. Visite Coimbra e a sua hist\u00f3ria.","potentialAction":[{"@type":"SearchAction","target":{"@type":"EntryPoint","urlTemplate":"https:\/\/serranasdomondego.pt\/?s={search_term_string}"},"query-input":"required name=search_term_string"}],"inLanguage":"en-US"}]}},"_links":{"self":[{"href":"https:\/\/serranasdomondego.pt\/en\/wp-json\/wp\/v2\/pages\/2162","targetHints":{"allow":["GET"]}}],"collection":[{"href":"https:\/\/serranasdomondego.pt\/en\/wp-json\/wp\/v2\/pages"}],"about":[{"href":"https:\/\/serranasdomondego.pt\/en\/wp-json\/wp\/v2\/types\/page"}],"author":[{"embeddable":true,"href":"https:\/\/serranasdomondego.pt\/en\/wp-json\/wp\/v2\/users\/1"}],"replies":[{"embeddable":true,"href":"https:\/\/serranasdomondego.pt\/en\/wp-json\/wp\/v2\/comments?post=2162"}],"version-history":[{"count":6,"href":"https:\/\/serranasdomondego.pt\/en\/wp-json\/wp\/v2\/pages\/2162\/revisions"}],"predecessor-version":[{"id":2271,"href":"https:\/\/serranasdomondego.pt\/en\/wp-json\/wp\/v2\/pages\/2162\/revisions\/2271"}],"wp:attachment":[{"href":"https:\/\/serranasdomondego.pt\/en\/wp-json\/wp\/v2\/media?parent=2162"}],"curies":[{"name":"wp","href":"https:\/\/api.w.org\/{rel}","templated":true}]}}