{"id":2161,"date":"2023-03-06T17:02:59","date_gmt":"2023-03-06T17:02:59","guid":{"rendered":"https:\/\/serranasdomondego.pt\/?page_id=2161"},"modified":"2023-03-15T16:21:01","modified_gmt":"2023-03-15T16:21:01","slug":"politica-de-privacidade","status":"publish","type":"page","link":"https:\/\/serranasdomondego.pt\/en\/politica-de-privacidade\/","title":{"rendered":"Privacy Policy"},"content":{"rendered":"<div class=\"wpb-content-wrapper\"><div class=\"vc_row wpb_row vc_row-fluid vc_custom_1677860816035\"><div class=\"wpb_column vc_column_container vc_col-sm-12\"><div class=\"vc_column-inner\"><div class=\"wpb_wrapper\">\n\t<div class=\"wpb_text_column wpb_content_element\" >\n\t\t<div class=\"wpb_wrapper\">\n\t\t\t<h4><strong>Identification<\/strong><\/h4>\n<p><strong>Company<\/strong>: Quadrante Alternativo Lda<\/p>\n<p><strong>NIF<\/strong>: 514574623<\/p>\n<p><strong>Registration n\u00ba:<\/strong> 464\/2020<\/p>\n<p><strong>Headquarters<\/strong>: Rua Ramal de Chelo, N\u00ba 2, Rebordosa 3360-108 Lorv\u00e3o<\/p>\n<p><strong>E-mail:<\/strong> quadrantealternativo@gmail.com<\/p>\n<p><strong>Data Protection Officer (DPO)<\/strong>: The User can contact the DPO through the address quadrantealternativo@gmail.com or by letter to the postal address of the headquarters of Quadrante Alternativo.<\/p>\n<h4>Information and Consent<\/h4>\n<p>By reading this Privacy Policy, the User is informed of how Serranas do Mondego, owned by Quadrante Alternativo Lda, obtains, processes and protects the personal data sent to him through the website<\/p>\n<p>The User must carefully read this Privacy Policy, written in a clear and simple way to facilitate its understanding, and freely and voluntarily determine whether he intends to provide his personal data, or those of third parties, to Quadrante Alternativo.<\/p>\n<h4>Obligation to provide data<\/h4>\n<p>Usually, the data requested in the forms, accessible through the Serranas do Mondego website, are mandatory (except if the field in question does not indicate mandatory) to fulfill the established purposes. Thus, if they are not provided or are not provided correctly, these purposes cannot be fulfilled.<\/p>\n<h4>What are the purposes of the user's personal data?<\/h4>\n<p>According to the User's requests, the personal data obtained will be processed by Quadrante Alternativo for the following purposes:<\/p>\n<ul>\n<li>Manage requests for information and reservations.<\/li>\n<li>Manage the subscription to the newsletter and subsequent sending of the same.<\/li>\n<li>Manage your requests for contact with Quadrante Alternativo through the available means of communication.<\/li>\n<li>Manage the sending of personalized commercial communications from Quadrante Alternativo, through electronic and\/or conventional means, if the User has expressly consented to this sending.<\/li>\n<li>Manage the sending of personalized commercial communications, through electronic and\/or conventional means, except if the User does not accept, by checking the corresponding box, or if he\/she opposes this treatment.<\/li>\n<li>Manage the provision of contracted accommodation services, as well as additional services provided during the stay.<\/li>\n<li>Manage surveys and\/or assessments regarding the quality of services provided by Quadrante Alternativo and\/or the perception of its image as a company.<\/li>\n<\/ul>\n<p>The User's data will be kept for the sufficient time to fulfill each purpose or until the User requests its deletion from Quadrante Alternativo, opposes this treatment or revokes his consent.<\/p>\n<h4>What data is collected for processing?<\/h4>\n<p>Quadrante Alternativo can process the following categories of data, according to the request made by the User:<\/p>\n<ul>\n<li>Identification data like first name and last name.<\/li>\n<li>Contact details: postal address, mobile phone number and email address.<\/li>\n<li>User identification codes or passwords.<\/li>\n<li>Date of birth, sex, nationality.<\/li>\n<\/ul>\n<p>If the User provides data from third parties, he\/she expresses their consent and undertakes to communicate to the interested party, the holder of the data in question, the information in this Privacy Policy, exempting Quadrante Alternativo from any responsibility in this regard. However, Quadrante Alternativo can carry out the necessary checks to prove this fact, adopting due diligence measures that respect the data protection regulations.<\/p>\n<h4>What is the legitimacy of the processing of your data?<\/h4>\n<p>The processing of data necessary for the fulfillment of the aforementioned purposes that require the User's consent will not be carried out without it.<\/p>\n<p>Likewise, if the User revokes their consent for any of the treatments, this will not affect the lawfulness of the treatments previously carried out.<\/p>\n<p>To revoke this consent, the User may contact Quadrante Alternativo through the following means: Through a letter addressed to Quadrante Alternativo at the head office mentioned above and by email to the address quadrantealternativo@gmail.com, in both cases with the reference \u201cData Protection\u201d.<\/p>\n<p>In addition, in cases where it is necessary to process the User's data for the fulfillment of a legal obligation or for the execution of a contractual relationship existing between Quadrante Alternativo and the User, the processing is legitimized because it is necessary for the fulfillment of these purposes. . In turn, the processing to carry out surveys and\/or assessments regarding the quality of services provided by Quadrante Alternativo and\/or the perception of its image as a company will be carried out in accordance with the legitimate interest of the person responsible.<\/p>\n<h4>With whom is user data shared?<\/h4>\n<p>User data may be shared with:<\/p>\n<ul>\n<li>Quadrante Alternativo operators, only for internal administrative purposes and\/or for the purposes indicated above.<\/li>\n<li>Quadrante Alternativo suppliers or hotel operators necessary for the correct fulfillment of legal obligations and\/or the purposes indicated above.<\/li>\n<li>Quadrante Alternativo partners and collaborating companies for the fulfillment of the purposes indicated above and\/or, if authorized, for sending commercial communications.<\/li>\n<li>Public entities, in the cases provided for by law.<\/li>\n<\/ul>\n<h4>User Responsibilities<\/h4>\n<p>The user should:<\/p>\n<ul>\n<li>Ensure that you are of legal age or legally emancipated, if necessary, fully capable and that the data provided to Quadrante Alternativo is true, accurate, complete and up to date. To this end, the User guarantees the veracity of all data communicated and will continue to conveniently keep the information provided up to date, in order to correspond to their real situation.<\/li>\n<li>Ensure that in cases where you provide data from third parties, they are informed of the content of this document. In addition, ensure that you have obtained their authorization to provide data to Quadrante Alternativo for the purposes indicated.<\/li>\n<li>Be responsible for all false or inaccurate information provided through the Website, as well as for damages, direct or indirect, caused by this information to Quadrante Alternativo or third parties.<\/li>\n<\/ul>\n<h4>Commercial and Promotional Communications<\/h4>\n<p>One of the purposes of processing User data by Quadrante Alternativo is to send commercial communications, by electronic and\/or conventional means, with information regarding products, services, promotions, offers, events or news relevant to Users. Whenever any communication of this type is made, it will be sent solely and exclusively to Users who have authorized its reception and\/or who have not previously refused.<\/p>\n<p>To carry out these actions, Quadrante Alternativo can analyze the data obtained to create User profiles that allow you to define in more detail the products that may be of interest to you.<\/p>\n<p>If the User wishes to stop receiving commercial or promotional communications from Quadrante Alternativo, he may request the cancellation of the service by sending an email to the address quadrantealternativo@gmail.com or canceling the reception through the cancellation option presented in all commercial communications sent.<\/p>\n<h4>Exercise of Rights<\/h4>\n<p>The User may send a letter addressed toQuadrante Alternativo to the head office with the address mentioned above, or an email to the addressquadrantealternativo@gmail.com, in both cases with the reference \u201cData Protection\u201d, attaching a photocopy of the document valid identity card or passport, at any time and free of charge, to:<\/p>\n<ul>\n<li>Revoke the consents granted.<\/li>\n<li>Obtain confirmation as to whether or not Quadrante Alternativo is processing personal data relating to the User.<\/li>\n<li>Oppose the treatment.<\/li>\n<li>Access your personal data.<\/li>\n<li>Correct inaccurate or incomplete data.<\/li>\n<li>Request the deletion of your data when, among other reasons, the data is no longer necessary for the purposes for which it was collected.<\/li>\n<li>Obtain from Quadrante Alternativo a limitation on the processing of data, when verifying any of the conditions provided for in the data protection regulation.<\/li>\n<li>Get human intervention to express your point of view or contest the automated decisions adopted by  Quadrante Alternativo.<\/li>\n<li>Request the portability of your data.<\/li>\n<\/ul>\n<p>In addition, the User may, at any time, submit a claim regarding the protection of their personal data to the competent regulatory authority.<\/p>\n<h4>Security Measures<\/h4>\n<p>Quadrante Alternativo will always treat User data in an absolutely confidential manner and maintain the obligation of secrecy required of them, in accordance with the provisions of the application regulation, adopting, for this purpose, the organizational and technical measures necessary to guarantee the security of your data and prevent its alteration, loss, treatment or unauthorized access, taking into account the state of technology, the nature of the data stored and the risks to which they are exposed.<\/p>\n<p>Date of last update:\u00a0<strong>march 6, 2023<\/strong><\/p>\n\n\t\t<\/div>\n\t<\/div>\n<\/div><\/div><\/div><\/div><div data-vc-full-width=\"true\" data-vc-full-width-init=\"false\" class=\"vc_row wpb_row vc_row-fluid vc_custom_1677858201194 vc_row-has-fill\"><div class=\"wpb_column vc_column_container vc_col-sm-12\"><div class=\"vc_column-inner vc_custom_1460570299912\"><div class=\"wpb_wrapper\">\n\t<div  class=\"wpb_single_image wpb_content_element vc_align_center  vc_custom_1675955879767\">\n\t\t\n\t\t<figure class=\"wpb_wrapper vc_figure\">\n\t\t\t<div class=\"vc_single_image-wrapper   vc_box_border_grey\"><img decoding=\"async\" class=\"vc_single_image-img\" src=\"https:\/\/serranasdomondego.pt\/wp-content\/uploads\/2023\/02\/Logo-Serranas-225x56.png\" width=\"225\" height=\"56\" alt=\"Logo Serranas\" title=\"Logo Serranas\" loading=\"lazy\"  data-dt-location=\"https:\/\/serranasdomondego.pt\/en\/home\/logo-serranas\/\" \/><\/div>\n\t\t<\/figure>\n\t<\/div>\n<\/div><\/div><\/div><div class=\"wpb_column vc_column_container vc_col-sm-12 vc_col-lg-offset-1 vc_col-lg-10 vc_col-md-offset-1 vc_col-md-10 vc_col-sm-offset-0\"><div class=\"vc_column-inner vc_custom_1461332951646\"><div class=\"wpb_wrapper\"><div class=\"vc_row wpb_row vc_inner vc_row-fluid\"><div class=\"wpb_column vc_column_container vc_col-sm-3\"><div class=\"vc_column-inner vc_custom_1461332837092\"><div class=\"wpb_wrapper\"><div id=\"ultimate-heading-468969f27efd48d1c\" class=\"uvc-heading ult-adjust-bottom-margin ultimate-heading-468969f27efd48d1c uvc-8089\" data-hspacer=\"no_spacer\"  data-halign=\"center\" style=\"text-align:center\"><div class=\"uvc-heading-spacer no_spacer\" style=\"top\"><\/div><div class=\"uvc-sub-heading ult-responsive\"  data-ultimate-target='.uvc-heading.ultimate-heading-468969f27efd48d1c .uvc-sub-heading '  data-responsive-json-new='{\"font-size\":\"desktop:15px;\",\"line-height\":\"desktop:22px;\"}'  style=\"font-family:&#039;Poppins&#039;;font-weight:normal;font-style:normal;color:#a0a0a0;\"><\/p>\n<p style=\"text-align: center; font-weight: 500;\">Company: QUADRANTE ALTERNATIVO, LDA<\/p>\n<p style=\"text-align: center; font-weight: 500;\">NIF: 514574623<\/p>\n<p style=\"text-align: center; font-weight: 500;\">Registration n\u00ba: 464\/2020<\/p>\n<p style=\"text-align: center; font-weight: 500;\">RNAAT<\/p>\n<p><\/div><\/div><\/div><\/div><\/div><div class=\"wpb_column vc_column_container vc_col-sm-3\"><div class=\"vc_column-inner vc_custom_1461332842664\"><div class=\"wpb_wrapper\"><div id=\"ultimate-heading-403169f27efd48db0\" class=\"uvc-heading ult-adjust-bottom-margin ultimate-heading-403169f27efd48db0 uvc-7054\" data-hspacer=\"no_spacer\"  data-halign=\"center\" style=\"text-align:center\"><div class=\"uvc-heading-spacer no_spacer\" style=\"top\"><\/div><div class=\"uvc-sub-heading ult-responsive\"  data-ultimate-target='.uvc-heading.ultimate-heading-403169f27efd48db0 .uvc-sub-heading '  data-responsive-json-new='{\"font-size\":\"desktop:15px;\",\"line-height\":\"desktop:22px;\"}'  style=\"font-family:&#039;Poppins&#039;;font-weight:normal;font-style:normal;color:#a0a0a0;\"><\/p>\n<p style=\"text-align: center; font-weight: 500;\">Rua Ramal de Chelo, N\u00ba 2, Rebordosa 3360-108 Lorv\u00e3o<\/p>\n<p style=\"text-align: center; font-weight: 500;\">Mondey to Friday: 10.00h \u2013 19:00h<\/p>\n<p style=\"text-align: center; font-weight: 500;\">Saturdays and Sundays: 09.00h \u2013 19:00h<\/p>\n<p><\/div><\/div><\/div><\/div><\/div><div class=\"wpb_column vc_column_container vc_col-sm-3\"><div class=\"vc_column-inner vc_custom_1461332847822\"><div class=\"wpb_wrapper\"><div id=\"ultimate-heading-402869f27efd48e1b\" class=\"uvc-heading ult-adjust-bottom-margin ultimate-heading-402869f27efd48e1b uvc-6003\" data-hspacer=\"no_spacer\"  data-halign=\"center\" style=\"text-align:center\"><div class=\"uvc-heading-spacer no_spacer\" style=\"top\"><\/div><div class=\"uvc-sub-heading ult-responsive\"  data-ultimate-target='.uvc-heading.ultimate-heading-402869f27efd48e1b .uvc-sub-heading '  data-responsive-json-new='{\"font-size\":\"desktop:15px;\",\"line-height\":\"desktop:22px;\"}'  style=\"font-family:&#039;Poppins&#039;;font-weight:normal;font-style:normal;color:#a0a0a0;\"><\/p>\n<p style=\"text-align: center; font-weight: 500;\"><span style=\"color: #a09e93;\"><a style=\"color: #999999;\" href=\"https:\/\/serranasdomondego.pt\/en\/a-nossa-historia\/\">Our History<\/a><\/span><\/p>\n<p style=\"text-align: center;\"><span style=\"color: #a09e93;\"><a style=\"color: #999999;\" href=\"https:\/\/serranasdomondego.pt\/en\/termos-condicoes\/\">Terms &amp; Conditions<\/a><\/span><\/p>\n<p style=\"text-align: center;\"><span style=\"color: #a09e93;\"><a style=\"color: #999999;\" href=\"https:\/\/serranasdomondego.pt\/en\/politica-de-privacidade\/\">Privacy Policy<\/a><\/span><\/p>\n<p style=\"text-align: center;\"><span style=\"color: #a09e93;\"><a style=\"color: #999999;\" href=\"https:\/\/www.livroreclamacoes.pt\/INICIO\/\">Online Complaint Book<\/a><\/span><\/p>\n<p><\/div><\/div><\/div><\/div><\/div><div class=\"wpb_column vc_column_container vc_col-sm-3\"><div class=\"vc_column-inner\"><div class=\"wpb_wrapper\"><div id=\"ultimate-heading-394169f27efd48e7d\" class=\"uvc-heading ult-adjust-bottom-margin ultimate-heading-394169f27efd48e7d uvc-2413\" data-hspacer=\"no_spacer\"  data-halign=\"center\" style=\"text-align:center\"><div class=\"uvc-heading-spacer no_spacer\" style=\"top\"><\/div><div class=\"uvc-sub-heading ult-responsive\"  data-ultimate-target='.uvc-heading.ultimate-heading-394169f27efd48e7d .uvc-sub-heading '  data-responsive-json-new='{\"font-size\":\"desktop:15px;\",\"line-height\":\"desktop:22px;\"}'  style=\"font-family:&#039;Poppins&#039;;font-weight:normal;font-style:normal;color:#a0a0a0;\"><\/p>\n<p style=\"text-align: center; font-weight: 500;\">+351 968 039 154 (National mobile network call)<\/p>\n<p style=\"text-align: center; font-weight: 500;\">quadrantealternativo@gmail.com<\/p>\n<p><\/div><\/div><\/div><\/div><\/div><\/div><\/div><\/div><\/div><div class=\"wpb_column vc_column_container vc_col-sm-12\"><div class=\"vc_column-inner vc_custom_1460570841666\"><div class=\"wpb_wrapper\"><div class=\"uavc-icons-center uavc-icons\">\n<a class=\"aio-tooltip 69f27efd48f4e\" href=\"https:\/\/www.facebook.com\/profile.php?id=100057235275428\" target=\"_blank\" rel=\"noopener\"  data-toggle=\"tooltip\" data-placement=\"\" title=\"\"><div class=\"aio-icon circle\" data-animation=\"\" data-animation-delay=\"03\" style=\"color:#131313;background:#f7f7f7;font-size:18px;margin-right:5px;\">\n\t<i class=\"icomoon-free-social-contact-16x16-facebook\"><\/i>\n<\/div><\/a>\n<a class=\"aio-tooltip 69f27efd48f77\" href=\"https:\/\/www.instagram.com\/serranas_do_mondego\/\" target=\"_blank\" rel=\"noopener\"  data-toggle=\"tooltip\" data-placement=\"\" title=\"\"><div class=\"aio-icon circle\" data-animation=\"\" data-animation-delay=\"03\" style=\"color:#131313;background:#f7f7f7;font-size:18px;margin-right:5px;\">\n\t<i class=\"icomoon-free-social-contact-16x16-instagram\"><\/i>\n<\/div><\/a><\/div><\/div><\/div><\/div><div class=\"wpb_column vc_column_container vc_col-sm-12\"><div class=\"vc_column-inner\"><div class=\"wpb_wrapper\"><div id=\"ultimate-heading-3569f27efd48fdd\" class=\"uvc-heading ult-adjust-bottom-margin ultimate-heading-3569f27efd48fdd uvc-1485\" data-hspacer=\"no_spacer\"  data-halign=\"center\" style=\"text-align:center\"><div class=\"uvc-heading-spacer no_spacer\" style=\"top\"><\/div><div class=\"uvc-sub-heading ult-responsive\"  data-ultimate-target='.uvc-heading.ultimate-heading-3569f27efd48fdd .uvc-sub-heading '  data-responsive-json-new='{\"font-size\":\"desktop:15px;\",\"line-height\":\"desktop:22px;\"}'  style=\"font-family:&#039;Poppins&#039;;font-weight:normal;font-style:normal;color:#a0a0a0;\">Serranas do Mondego 2023. All rights reserved.<\/div><\/div><\/div><\/div><\/div><\/div><div class=\"vc_row-full-width vc_clearfix\"><\/div>\n<\/div>","protected":false},"excerpt":{"rendered":"<p>Identifica\u00e7\u00e3o Titular: Quadrante Alternativo Lda NIF: 514574623 Registo n\u00ba: 464\/2020 Sede social: Rua Ramal de Chelo, N\u00ba 2, Rebordosa 3360-108 Lorv\u00e3o E-mail: quadrantealternativo@gmail.com Encarregado da Prote\u00e7\u00e3o de Dados (EPD): O Utilizador pode contactar o EPD atrav\u00e9s do endere\u00e7o quadrantealternativo@gmail.com ou por carta para o endere\u00e7o postal da sede da Quadrante Alternativo. Informa\u00e7\u00f5es e Consentimento Atrav\u00e9s&hellip;<\/p>","protected":false},"author":1,"featured_media":0,"parent":0,"menu_order":0,"comment_status":"closed","ping_status":"closed","template":"","meta":{"footnotes":""},"class_list":["post-2161","page","type-page","status-publish","hentry","description-off"],"yoast_head":"<!-- This site is optimized with the Yoast SEO plugin v21.7 - https:\/\/yoast.com\/wordpress\/plugins\/seo\/ -->\n<title>Pol\u00edtica de Privacidade - Serranas do Mondego<\/title>\n<meta name=\"robots\" content=\"index, follow, max-snippet:-1, max-image-preview:large, max-video-preview:-1\" \/>\n<link rel=\"canonical\" href=\"https:\/\/serranasdomondego.pt\/en\/politica-de-privacidade\/\" \/>\n<meta property=\"og:locale\" content=\"en_US\" \/>\n<meta property=\"og:type\" content=\"article\" \/>\n<meta property=\"og:title\" content=\"Pol\u00edtica de Privacidade - Serranas do Mondego\" \/>\n<meta property=\"og:url\" content=\"https:\/\/serranasdomondego.pt\/en\/politica-de-privacidade\/\" \/>\n<meta property=\"og:site_name\" content=\"Serranas do Mondego\" \/>\n<meta property=\"article:publisher\" content=\"https:\/\/www.facebook.com\/profile.php?id=100057235275428\" \/>\n<meta property=\"article:modified_time\" content=\"2023-03-15T16:21:01+00:00\" \/>\n<meta name=\"twitter:card\" content=\"summary_large_image\" \/>\n<meta name=\"twitter:label1\" content=\"Est. reading time\" \/>\n\t<meta name=\"twitter:data1\" content=\"11 minutes\" \/>\n<script type=\"application\/ld+json\" class=\"yoast-schema-graph\">{\"@context\":\"https:\/\/schema.org\",\"@graph\":[{\"@type\":\"WebPage\",\"@id\":\"https:\/\/serranasdomondego.pt\/politica-de-privacidade\/\",\"url\":\"https:\/\/serranasdomondego.pt\/politica-de-privacidade\/\",\"name\":\"Pol\u00edtica de Privacidade - Serranas do Mondego\",\"isPartOf\":{\"@id\":\"https:\/\/serranasdomondego.pt\/#website\"},\"datePublished\":\"2023-03-06T17:02:59+00:00\",\"dateModified\":\"2023-03-15T16:21:01+00:00\",\"breadcrumb\":{\"@id\":\"https:\/\/serranasdomondego.pt\/politica-de-privacidade\/#breadcrumb\"},\"inLanguage\":\"en-US\",\"potentialAction\":[{\"@type\":\"ReadAction\",\"target\":[\"https:\/\/serranasdomondego.pt\/politica-de-privacidade\/\"]}]},{\"@type\":\"BreadcrumbList\",\"@id\":\"https:\/\/serranasdomondego.pt\/politica-de-privacidade\/#breadcrumb\",\"itemListElement\":[{\"@type\":\"ListItem\",\"position\":1,\"name\":\"In\u00edcio\",\"item\":\"https:\/\/serranasdomondego.pt\/\"},{\"@type\":\"ListItem\",\"position\":2,\"name\":\"Pol\u00edtica de Privacidade\"}]},{\"@type\":\"WebSite\",\"@id\":\"https:\/\/serranasdomondego.pt\/#website\",\"url\":\"https:\/\/serranasdomondego.pt\/\",\"name\":\"Serranas do Mondego\",\"description\":\"Passeios de barco no Mondego, acompanhados de gastronomia regional. Visite Coimbra e a sua hist\u00f3ria.\",\"potentialAction\":[{\"@type\":\"SearchAction\",\"target\":{\"@type\":\"EntryPoint\",\"urlTemplate\":\"https:\/\/serranasdomondego.pt\/?s={search_term_string}\"},\"query-input\":\"required name=search_term_string\"}],\"inLanguage\":\"en-US\"}]}<\/script>\n<!-- \/ Yoast SEO plugin. -->","yoast_head_json":{"title":"Pol\u00edtica de Privacidade - Serranas do Mondego","robots":{"index":"index","follow":"follow","max-snippet":"max-snippet:-1","max-image-preview":"max-image-preview:large","max-video-preview":"max-video-preview:-1"},"canonical":"https:\/\/serranasdomondego.pt\/en\/politica-de-privacidade\/","og_locale":"en_US","og_type":"article","og_title":"Pol\u00edtica de Privacidade - Serranas do Mondego","og_url":"https:\/\/serranasdomondego.pt\/en\/politica-de-privacidade\/","og_site_name":"Serranas do Mondego","article_publisher":"https:\/\/www.facebook.com\/profile.php?id=100057235275428","article_modified_time":"2023-03-15T16:21:01+00:00","twitter_card":"summary_large_image","twitter_misc":{"Est. reading time":"11 minutes"},"schema":{"@context":"https:\/\/schema.org","@graph":[{"@type":"WebPage","@id":"https:\/\/serranasdomondego.pt\/politica-de-privacidade\/","url":"https:\/\/serranasdomondego.pt\/politica-de-privacidade\/","name":"Pol\u00edtica de Privacidade - Serranas do Mondego","isPartOf":{"@id":"https:\/\/serranasdomondego.pt\/#website"},"datePublished":"2023-03-06T17:02:59+00:00","dateModified":"2023-03-15T16:21:01+00:00","breadcrumb":{"@id":"https:\/\/serranasdomondego.pt\/politica-de-privacidade\/#breadcrumb"},"inLanguage":"en-US","potentialAction":[{"@type":"ReadAction","target":["https:\/\/serranasdomondego.pt\/politica-de-privacidade\/"]}]},{"@type":"BreadcrumbList","@id":"https:\/\/serranasdomondego.pt\/politica-de-privacidade\/#breadcrumb","itemListElement":[{"@type":"ListItem","position":1,"name":"In\u00edcio","item":"https:\/\/serranasdomondego.pt\/"},{"@type":"ListItem","position":2,"name":"Pol\u00edtica de Privacidade"}]},{"@type":"WebSite","@id":"https:\/\/serranasdomondego.pt\/#website","url":"https:\/\/serranasdomondego.pt\/","name":"Serranas do Mondego","description":"Passeios de barco no Mondego, acompanhados de gastronomia regional. Visite Coimbra e a sua hist\u00f3ria.","potentialAction":[{"@type":"SearchAction","target":{"@type":"EntryPoint","urlTemplate":"https:\/\/serranasdomondego.pt\/?s={search_term_string}"},"query-input":"required name=search_term_string"}],"inLanguage":"en-US"}]}},"_links":{"self":[{"href":"https:\/\/serranasdomondego.pt\/en\/wp-json\/wp\/v2\/pages\/2161","targetHints":{"allow":["GET"]}}],"collection":[{"href":"https:\/\/serranasdomondego.pt\/en\/wp-json\/wp\/v2\/pages"}],"about":[{"href":"https:\/\/serranasdomondego.pt\/en\/wp-json\/wp\/v2\/types\/page"}],"author":[{"embeddable":true,"href":"https:\/\/serranasdomondego.pt\/en\/wp-json\/wp\/v2\/users\/1"}],"replies":[{"embeddable":true,"href":"https:\/\/serranasdomondego.pt\/en\/wp-json\/wp\/v2\/comments?post=2161"}],"version-history":[{"count":5,"href":"https:\/\/serranasdomondego.pt\/en\/wp-json\/wp\/v2\/pages\/2161\/revisions"}],"predecessor-version":[{"id":2259,"href":"https:\/\/serranasdomondego.pt\/en\/wp-json\/wp\/v2\/pages\/2161\/revisions\/2259"}],"wp:attachment":[{"href":"https:\/\/serranasdomondego.pt\/en\/wp-json\/wp\/v2\/media?parent=2161"}],"curies":[{"name":"wp","href":"https:\/\/api.w.org\/{rel}","templated":true}]}}