{"id":2147,"date":"2023-03-05T16:23:33","date_gmt":"2023-03-05T16:23:33","guid":{"rendered":"https:\/\/serranasdomondego.pt\/?page_id=2147"},"modified":"2023-03-15T16:19:20","modified_gmt":"2023-03-15T16:19:20","slug":"eventos-especiais","status":"publish","type":"page","link":"https:\/\/serranasdomondego.pt\/en\/eventos-especiais\/","title":{"rendered":"Special Events"},"content":{"rendered":"<div class=\"wpb-content-wrapper\"><div class=\"vc_row wpb_row vc_row-fluid vc_custom_1677860816035\"><div class=\"wpb_column vc_column_container vc_col-sm-6\"><div class=\"vc_column-inner\"><div class=\"wpb_wrapper\">\n\t<div class=\"wpb_text_column wpb_content_element\" >\n\t\t<div class=\"wpb_wrapper\">\n\t\t\t<h1 style=\"text-align: center;\"><span style=\"font-size: 36px; font-weight: 600;\">Special Celebrations<\/span><\/h1>\n<p style=\"text-align: justify;\"><span style=\"font-size: 14pt;\">We provide you with the opportunity to hold personalized events, such as: birthdays, bachelorette parties, marriage proposals, intimate dinners and much more. <\/span><\/p>\n<p style=\"text-align: justify;\"><span style=\"font-size: 14pt;\">To find out more, contact us using the form below.<\/span><\/p>\n\n\t\t<\/div>\n\t<\/div>\n<\/div><\/div><\/div><div class=\"wpb_column vc_column_container vc_col-sm-6\"><div class=\"vc_column-inner\"><div class=\"wpb_wrapper\">\n\t<div  class=\"wpb_single_image wpb_content_element vc_align_left\">\n\t\t\n\t\t<figure class=\"wpb_wrapper vc_figure\">\n\t\t\t<div class=\"vc_single_image-wrapper   vc_box_border_grey\"><img loading=\"lazy\" decoding=\"async\" width=\"1000\" height=\"667\" src=\"https:\/\/serranasdomondego.pt\/wp-content\/uploads\/2023\/02\/5.jpg\" class=\"vc_single_image-img attachment-large\" alt=\"\" title=\"5\" srcset=\"https:\/\/serranasdomondego.pt\/wp-content\/uploads\/2023\/02\/5.jpg 1000w, https:\/\/serranasdomondego.pt\/wp-content\/uploads\/2023\/02\/5-600x400.jpg 600w, https:\/\/serranasdomondego.pt\/wp-content\/uploads\/2023\/02\/5-300x200.jpg 300w, https:\/\/serranasdomondego.pt\/wp-content\/uploads\/2023\/02\/5-768x512.jpg 768w\" sizes=\"auto, (max-width: 1000px) 100vw, 1000px\"  data-dt-location=\"https:\/\/serranasdomondego.pt\/en\/home\/attachment\/5\/\" \/><\/div>\n\t\t<\/figure>\n\t<\/div>\n<\/div><\/div><\/div><\/div><div class=\"vc_row wpb_row vc_row-fluid\"><div class=\"wpb_column vc_column_container vc_col-sm-12\"><div class=\"vc_column-inner\"><div class=\"wpb_wrapper\">\n<div class=\"wpcf7 no-js\" id=\"wpcf7-f2148-o1\" lang=\"en-US\" dir=\"ltr\">\n<div class=\"screen-reader-response\"><p role=\"status\" aria-live=\"polite\" aria-atomic=\"true\"><\/p> <ul><\/ul><\/div>\n<form action=\"\/en\/wp-json\/wp\/v2\/pages\/2147#wpcf7-f2148-o1\" method=\"post\" class=\"wpcf7-form init\" aria-label=\"Contact form\" novalidate=\"novalidate\" data-status=\"init\" data-trp-original-action=\"\/en\/wp-json\/wp\/v2\/pages\/2147#wpcf7-f2148-o1\">\n<div style=\"display: none;\">\n<input type=\"hidden\" name=\"_wpcf7\" value=\"2148\" \/>\n<input type=\"hidden\" name=\"_wpcf7_version\" value=\"5.8.5\" \/>\n<input type=\"hidden\" name=\"_wpcf7_locale\" value=\"en_US\" \/>\n<input type=\"hidden\" name=\"_wpcf7_unit_tag\" value=\"wpcf7-f2148-o1\" \/>\n<input type=\"hidden\" name=\"_wpcf7_container_post\" value=\"0\" \/>\n<input type=\"hidden\" name=\"_wpcf7_posted_data_hash\" value=\"\" \/>\n<\/div>\n<div class=\"form-row align-lg-right\">\n\t<div class=\"form-group col mb-3\">\n\t\t<p><span class=\"wpcf7-form-control-wrap\" data-name=\"text-186\"><input size=\"40\" class=\"wpcf7-form-control wpcf7-text wpcf7-validates-as-required\" aria-required=\"true\" aria-invalid=\"false\" placeholder=\"Name\" value=\"\" type=\"text\" name=\"text-186\" \/><\/span>\n\t\t<\/p>\n\t<\/div>\n\t<div class=\"form-group col mb-3\">\n\t\t<p><span class=\"wpcf7-form-control-wrap\" data-name=\"email-927\"><input size=\"40\" class=\"wpcf7-form-control wpcf7-email wpcf7-validates-as-required wpcf7-text wpcf7-validates-as-email\" aria-required=\"true\" aria-invalid=\"false\" placeholder=\"E-mail*\" value=\"\" type=\"email\" name=\"email-927\" \/><\/span>\n\t\t<\/p>\n\t<\/div>\n\t<div class=\"form-group col mb-3\">\n\t\t<p><span class=\"wpcf7-form-control-wrap\" data-name=\"tel-438\"><input size=\"40\" class=\"wpcf7-form-control wpcf7-tel wpcf7-validates-as-required wpcf7-text wpcf7-validates-as-tel\" aria-required=\"true\" aria-invalid=\"false\" placeholder=\"Phone Number\" value=\"\" type=\"tel\" name=\"tel-438\" \/><\/span>\n\t\t<\/p>\n\t<\/div>\n\t<div class=\"form-group col mb-3\">\n\t\t<p><span class=\"wpcf7-form-control-wrap\" data-name=\"textarea-957\"><textarea cols=\"40\" rows=\"10\" class=\"wpcf7-form-control wpcf7-textarea wpcf7-validates-as-required\" aria-required=\"true\" aria-invalid=\"false\" placeholder=\"Message\" name=\"textarea-957\"><\/textarea><\/span>\n\t\t<\/p>\n\t<\/div>\n\t<div class=\"form-group col mb-0\">\n\t\t<p><input class=\"wpcf7-form-control wpcf7-submit has-spinner btn btn-primary font-weight-bold text-uppercase w-auto\" type=\"submit\" value=\"Submit\" \/>\n\t\t<\/p>\n\t<\/div>\n<\/div><div class=\"wpcf7-response-output\" aria-hidden=\"true\"><\/div>\n<input type=\"hidden\" name=\"trp-form-language\" value=\"en\"\/><\/form>\n<\/div>\n<div class=\"vc_empty_space\"   style=\"height: 45px\"><span class=\"vc_empty_space_inner\"><\/span><\/div><\/div><\/div><\/div><\/div><div data-vc-full-width=\"true\" data-vc-full-width-init=\"false\" class=\"vc_row wpb_row vc_row-fluid vc_custom_1677858201194 vc_row-has-fill\"><div class=\"wpb_column vc_column_container vc_col-sm-12\"><div class=\"vc_column-inner vc_custom_1460570299912\"><div class=\"wpb_wrapper\">\n\t<div  class=\"wpb_single_image wpb_content_element vc_align_center  vc_custom_1675955879767\">\n\t\t\n\t\t<figure class=\"wpb_wrapper vc_figure\">\n\t\t\t<div class=\"vc_single_image-wrapper   vc_box_border_grey\"><img decoding=\"async\" class=\"vc_single_image-img\" src=\"https:\/\/serranasdomondego.pt\/wp-content\/uploads\/2023\/02\/Logo-Serranas-225x56.png\" width=\"225\" height=\"56\" alt=\"Logo Serranas\" title=\"Logo Serranas\" loading=\"lazy\"  data-dt-location=\"https:\/\/serranasdomondego.pt\/en\/home\/logo-serranas\/\" \/><\/div>\n\t\t<\/figure>\n\t<\/div>\n<\/div><\/div><\/div><div class=\"wpb_column vc_column_container vc_col-sm-12 vc_col-lg-offset-1 vc_col-lg-10 vc_col-md-offset-1 vc_col-md-10 vc_col-sm-offset-0\"><div class=\"vc_column-inner vc_custom_1461332951646\"><div class=\"wpb_wrapper\"><div class=\"vc_row wpb_row vc_inner vc_row-fluid\"><div class=\"wpb_column vc_column_container vc_col-sm-3\"><div class=\"vc_column-inner vc_custom_1461332837092\"><div class=\"wpb_wrapper\"><div id=\"ultimate-heading-639369f280f6f265b\" class=\"uvc-heading ult-adjust-bottom-margin ultimate-heading-639369f280f6f265b uvc-6561\" data-hspacer=\"no_spacer\"  data-halign=\"center\" style=\"text-align:center\"><div class=\"uvc-heading-spacer no_spacer\" style=\"top\"><\/div><div class=\"uvc-sub-heading ult-responsive\"  data-ultimate-target='.uvc-heading.ultimate-heading-639369f280f6f265b .uvc-sub-heading '  data-responsive-json-new='{\"font-size\":\"desktop:15px;\",\"line-height\":\"desktop:22px;\"}'  style=\"font-family:&#039;Poppins&#039;;font-weight:normal;font-style:normal;color:#a0a0a0;\"><\/p>\n<p style=\"text-align: center; font-weight: 500;\">Company: QUADRANTE ALTERNATIVO, LDA<\/p>\n<p style=\"text-align: center; font-weight: 500;\">NIF: 514574623<\/p>\n<p style=\"text-align: center; font-weight: 500;\">Registration n\u00ba: 464\/2020<\/p>\n<p style=\"text-align: center; font-weight: 500;\">RNAAT<\/p>\n<p><\/div><\/div><\/div><\/div><\/div><div class=\"wpb_column vc_column_container vc_col-sm-3\"><div class=\"vc_column-inner vc_custom_1461332842664\"><div class=\"wpb_wrapper\"><div id=\"ultimate-heading-349669f280f6f26ec\" class=\"uvc-heading ult-adjust-bottom-margin ultimate-heading-349669f280f6f26ec uvc-8851\" data-hspacer=\"no_spacer\"  data-halign=\"center\" style=\"text-align:center\"><div class=\"uvc-heading-spacer no_spacer\" style=\"top\"><\/div><div class=\"uvc-sub-heading ult-responsive\"  data-ultimate-target='.uvc-heading.ultimate-heading-349669f280f6f26ec .uvc-sub-heading '  data-responsive-json-new='{\"font-size\":\"desktop:15px;\",\"line-height\":\"desktop:22px;\"}'  style=\"font-family:&#039;Poppins&#039;;font-weight:normal;font-style:normal;color:#a0a0a0;\"><\/p>\n<p style=\"text-align: center; font-weight: 500;\">Rua Ramal de Chelo, N\u00ba 2, Rebordosa 3360-108 Lorv\u00e3o<\/p>\n<p style=\"text-align: center; font-weight: 500;\">Mondey to Friday: 10.00h \u2013 19:00h<\/p>\n<p style=\"text-align: center; font-weight: 500;\">Saturdays and Sundays: 09.00h \u2013 19:00h<\/p>\n<p><\/div><\/div><\/div><\/div><\/div><div class=\"wpb_column vc_column_container vc_col-sm-3\"><div class=\"vc_column-inner vc_custom_1461332847822\"><div class=\"wpb_wrapper\"><div id=\"ultimate-heading-870569f280f6f2760\" class=\"uvc-heading ult-adjust-bottom-margin ultimate-heading-870569f280f6f2760 uvc-1256\" data-hspacer=\"no_spacer\"  data-halign=\"center\" style=\"text-align:center\"><div class=\"uvc-heading-spacer no_spacer\" style=\"top\"><\/div><div class=\"uvc-sub-heading ult-responsive\"  data-ultimate-target='.uvc-heading.ultimate-heading-870569f280f6f2760 .uvc-sub-heading '  data-responsive-json-new='{\"font-size\":\"desktop:15px;\",\"line-height\":\"desktop:22px;\"}'  style=\"font-family:&#039;Poppins&#039;;font-weight:normal;font-style:normal;color:#a0a0a0;\"><\/p>\n<p style=\"text-align: center; font-weight: 500;\"><span style=\"color: #a09e93;\"><a style=\"color: #999999;\" href=\"https:\/\/serranasdomondego.pt\/en\/a-nossa-historia\/\">Our History<\/a><\/span><\/p>\n<p style=\"text-align: center;\"><span style=\"color: #a09e93;\"><a style=\"color: #999999;\" href=\"https:\/\/serranasdomondego.pt\/en\/termos-condicoes\/\">Terms &amp; Conditions<\/a><\/span><\/p>\n<p style=\"text-align: center;\"><span style=\"color: #a09e93;\"><a style=\"color: #999999;\" href=\"https:\/\/serranasdomondego.pt\/en\/politica-de-privacidade\/\">Privacy Policy<\/a><\/span><\/p>\n<p style=\"text-align: center;\"><span style=\"color: #a09e93;\"><a style=\"color: #999999;\" href=\"https:\/\/www.livroreclamacoes.pt\/INICIO\/\">Online Complaint Book<\/a><\/span><\/p>\n<p><\/div><\/div><\/div><\/div><\/div><div class=\"wpb_column vc_column_container vc_col-sm-3\"><div class=\"vc_column-inner\"><div class=\"wpb_wrapper\"><div id=\"ultimate-heading-658069f280f6f27b6\" class=\"uvc-heading ult-adjust-bottom-margin ultimate-heading-658069f280f6f27b6 uvc-7337\" data-hspacer=\"no_spacer\"  data-halign=\"center\" style=\"text-align:center\"><div class=\"uvc-heading-spacer no_spacer\" style=\"top\"><\/div><div class=\"uvc-sub-heading ult-responsive\"  data-ultimate-target='.uvc-heading.ultimate-heading-658069f280f6f27b6 .uvc-sub-heading '  data-responsive-json-new='{\"font-size\":\"desktop:15px;\",\"line-height\":\"desktop:22px;\"}'  style=\"font-family:&#039;Poppins&#039;;font-weight:normal;font-style:normal;color:#a0a0a0;\"><\/p>\n<p style=\"text-align: center; font-weight: 500;\">+351 968 039 154 (National mobile network call)<\/p>\n<p style=\"text-align: center; font-weight: 500;\">quadrantealternativo@gmail.com<\/p>\n<p><\/div><\/div><\/div><\/div><\/div><\/div><\/div><\/div><\/div><div class=\"wpb_column vc_column_container vc_col-sm-12\"><div class=\"vc_column-inner vc_custom_1460570841666\"><div class=\"wpb_wrapper\"><div class=\"uavc-icons-center uavc-icons\">\n<a class=\"aio-tooltip 69f280f6f2881\" href=\"https:\/\/www.facebook.com\/profile.php?id=100057235275428\" target=\"_blank\" rel=\"noopener\"  data-toggle=\"tooltip\" data-placement=\"\" title=\"\"><div class=\"aio-icon circle\" data-animation=\"\" data-animation-delay=\"03\" style=\"color:#131313;background:#f7f7f7;font-size:18px;margin-right:5px;\">\n\t<i class=\"icomoon-free-social-contact-16x16-facebook\"><\/i>\n<\/div><\/a>\n<a class=\"aio-tooltip 69f280f6f289d\" href=\"https:\/\/www.instagram.com\/serranas_do_mondego\/\" target=\"_blank\" rel=\"noopener\"  data-toggle=\"tooltip\" data-placement=\"\" title=\"\"><div class=\"aio-icon circle\" data-animation=\"\" data-animation-delay=\"03\" style=\"color:#131313;background:#f7f7f7;font-size:18px;margin-right:5px;\">\n\t<i class=\"icomoon-free-social-contact-16x16-instagram\"><\/i>\n<\/div><\/a><\/div><\/div><\/div><\/div><div class=\"wpb_column vc_column_container vc_col-sm-12\"><div class=\"vc_column-inner\"><div class=\"wpb_wrapper\"><div id=\"ultimate-heading-578969f280f6f28fb\" class=\"uvc-heading ult-adjust-bottom-margin ultimate-heading-578969f280f6f28fb uvc-3412\" data-hspacer=\"no_spacer\"  data-halign=\"center\" style=\"text-align:center\"><div class=\"uvc-heading-spacer no_spacer\" style=\"top\"><\/div><div class=\"uvc-sub-heading ult-responsive\"  data-ultimate-target='.uvc-heading.ultimate-heading-578969f280f6f28fb .uvc-sub-heading '  data-responsive-json-new='{\"font-size\":\"desktop:15px;\",\"line-height\":\"desktop:22px;\"}'  style=\"font-family:&#039;Poppins&#039;;font-weight:normal;font-style:normal;color:#a0a0a0;\">Serranas do Mondego 2023. All rights reserved.<\/div><\/div><\/div><\/div><\/div><\/div><div class=\"vc_row-full-width vc_clearfix\"><\/div>\n<\/div>","protected":false},"excerpt":{"rendered":"<p>Celebra\u00e7\u00f5es Especiais Proporcionamos-lhe a oportunidade de realizar eventos personalizados, tais como: anivers\u00e1rios, despedidas de solteira(o), pedidos de casamento, jantares intimistas e muito mais. Para saber mais, entre em contacto connosco atrav\u00e9s do formul\u00e1rio abaixo. Empresa: QUADRANTE ALTERNATIVO, LDA NIF: 514574623 Registo n\u00ba: 464\/2020 RNAAT Rua Ramal de Chelo, N\u00ba 2, Rebordosa 3360-108 Lorv\u00e3o Segunda a&hellip;<\/p>","protected":false},"author":1,"featured_media":0,"parent":0,"menu_order":0,"comment_status":"closed","ping_status":"closed","template":"","meta":{"footnotes":""},"class_list":["post-2147","page","type-page","status-publish","hentry","description-off"],"yoast_head":"<!-- This site is optimized with the Yoast SEO plugin v21.7 - https:\/\/yoast.com\/wordpress\/plugins\/seo\/ -->\n<title>Eventos Especiais - Serranas do Mondego<\/title>\n<meta name=\"robots\" content=\"index, follow, max-snippet:-1, max-image-preview:large, max-video-preview:-1\" \/>\n<link rel=\"canonical\" href=\"https:\/\/serranasdomondego.pt\/en\/eventos-especiais\/\" \/>\n<meta property=\"og:locale\" content=\"en_US\" \/>\n<meta property=\"og:type\" content=\"article\" \/>\n<meta property=\"og:title\" content=\"Eventos Especiais - Serranas do Mondego\" \/>\n<meta property=\"og:url\" content=\"https:\/\/serranasdomondego.pt\/en\/eventos-especiais\/\" \/>\n<meta property=\"og:site_name\" content=\"Serranas do Mondego\" \/>\n<meta property=\"article:publisher\" content=\"https:\/\/www.facebook.com\/profile.php?id=100057235275428\" \/>\n<meta property=\"article:modified_time\" content=\"2023-03-15T16:19:20+00:00\" \/>\n<meta name=\"twitter:card\" content=\"summary_large_image\" \/>\n<meta name=\"twitter:label1\" content=\"Est. reading time\" \/>\n\t<meta name=\"twitter:data1\" content=\"4 minutes\" \/>\n<script type=\"application\/ld+json\" class=\"yoast-schema-graph\">{\"@context\":\"https:\/\/schema.org\",\"@graph\":[{\"@type\":\"WebPage\",\"@id\":\"https:\/\/serranasdomondego.pt\/eventos-especiais\/\",\"url\":\"https:\/\/serranasdomondego.pt\/eventos-especiais\/\",\"name\":\"Eventos Especiais - Serranas do Mondego\",\"isPartOf\":{\"@id\":\"https:\/\/serranasdomondego.pt\/#website\"},\"datePublished\":\"2023-03-05T16:23:33+00:00\",\"dateModified\":\"2023-03-15T16:19:20+00:00\",\"breadcrumb\":{\"@id\":\"https:\/\/serranasdomondego.pt\/eventos-especiais\/#breadcrumb\"},\"inLanguage\":\"en-US\",\"potentialAction\":[{\"@type\":\"ReadAction\",\"target\":[\"https:\/\/serranasdomondego.pt\/eventos-especiais\/\"]}]},{\"@type\":\"BreadcrumbList\",\"@id\":\"https:\/\/serranasdomondego.pt\/eventos-especiais\/#breadcrumb\",\"itemListElement\":[{\"@type\":\"ListItem\",\"position\":1,\"name\":\"In\u00edcio\",\"item\":\"https:\/\/serranasdomondego.pt\/\"},{\"@type\":\"ListItem\",\"position\":2,\"name\":\"Eventos Especiais\"}]},{\"@type\":\"WebSite\",\"@id\":\"https:\/\/serranasdomondego.pt\/#website\",\"url\":\"https:\/\/serranasdomondego.pt\/\",\"name\":\"Serranas do Mondego\",\"description\":\"Passeios de barco no Mondego, acompanhados de gastronomia regional. Visite Coimbra e a sua hist\u00f3ria.\",\"potentialAction\":[{\"@type\":\"SearchAction\",\"target\":{\"@type\":\"EntryPoint\",\"urlTemplate\":\"https:\/\/serranasdomondego.pt\/?s={search_term_string}\"},\"query-input\":\"required name=search_term_string\"}],\"inLanguage\":\"en-US\"}]}<\/script>\n<!-- \/ Yoast SEO plugin. -->","yoast_head_json":{"title":"Eventos Especiais - Serranas do Mondego","robots":{"index":"index","follow":"follow","max-snippet":"max-snippet:-1","max-image-preview":"max-image-preview:large","max-video-preview":"max-video-preview:-1"},"canonical":"https:\/\/serranasdomondego.pt\/en\/eventos-especiais\/","og_locale":"en_US","og_type":"article","og_title":"Eventos Especiais - Serranas do Mondego","og_url":"https:\/\/serranasdomondego.pt\/en\/eventos-especiais\/","og_site_name":"Serranas do Mondego","article_publisher":"https:\/\/www.facebook.com\/profile.php?id=100057235275428","article_modified_time":"2023-03-15T16:19:20+00:00","twitter_card":"summary_large_image","twitter_misc":{"Est. reading time":"4 minutes"},"schema":{"@context":"https:\/\/schema.org","@graph":[{"@type":"WebPage","@id":"https:\/\/serranasdomondego.pt\/eventos-especiais\/","url":"https:\/\/serranasdomondego.pt\/eventos-especiais\/","name":"Eventos Especiais - Serranas do Mondego","isPartOf":{"@id":"https:\/\/serranasdomondego.pt\/#website"},"datePublished":"2023-03-05T16:23:33+00:00","dateModified":"2023-03-15T16:19:20+00:00","breadcrumb":{"@id":"https:\/\/serranasdomondego.pt\/eventos-especiais\/#breadcrumb"},"inLanguage":"en-US","potentialAction":[{"@type":"ReadAction","target":["https:\/\/serranasdomondego.pt\/eventos-especiais\/"]}]},{"@type":"BreadcrumbList","@id":"https:\/\/serranasdomondego.pt\/eventos-especiais\/#breadcrumb","itemListElement":[{"@type":"ListItem","position":1,"name":"In\u00edcio","item":"https:\/\/serranasdomondego.pt\/"},{"@type":"ListItem","position":2,"name":"Eventos Especiais"}]},{"@type":"WebSite","@id":"https:\/\/serranasdomondego.pt\/#website","url":"https:\/\/serranasdomondego.pt\/","name":"Serranas do Mondego","description":"Passeios de barco no Mondego, acompanhados de gastronomia regional. Visite Coimbra e a sua hist\u00f3ria.","potentialAction":[{"@type":"SearchAction","target":{"@type":"EntryPoint","urlTemplate":"https:\/\/serranasdomondego.pt\/?s={search_term_string}"},"query-input":"required name=search_term_string"}],"inLanguage":"en-US"}]}},"_links":{"self":[{"href":"https:\/\/serranasdomondego.pt\/en\/wp-json\/wp\/v2\/pages\/2147","targetHints":{"allow":["GET"]}}],"collection":[{"href":"https:\/\/serranasdomondego.pt\/en\/wp-json\/wp\/v2\/pages"}],"about":[{"href":"https:\/\/serranasdomondego.pt\/en\/wp-json\/wp\/v2\/types\/page"}],"author":[{"embeddable":true,"href":"https:\/\/serranasdomondego.pt\/en\/wp-json\/wp\/v2\/users\/1"}],"replies":[{"embeddable":true,"href":"https:\/\/serranasdomondego.pt\/en\/wp-json\/wp\/v2\/comments?post=2147"}],"version-history":[{"count":9,"href":"https:\/\/serranasdomondego.pt\/en\/wp-json\/wp\/v2\/pages\/2147\/revisions"}],"predecessor-version":[{"id":2257,"href":"https:\/\/serranasdomondego.pt\/en\/wp-json\/wp\/v2\/pages\/2147\/revisions\/2257"}],"wp:attachment":[{"href":"https:\/\/serranasdomondego.pt\/en\/wp-json\/wp\/v2\/media?parent=2147"}],"curies":[{"name":"wp","href":"https:\/\/api.w.org\/{rel}","templated":true}]}}