{"id":2145,"date":"2023-03-05T15:49:16","date_gmt":"2023-03-05T15:49:16","guid":{"rendered":"https:\/\/serranasdomondego.pt\/?page_id=2145"},"modified":"2023-03-15T16:24:50","modified_gmt":"2023-03-15T16:24:50","slug":"viagens-com-degustacao","status":"publish","type":"page","link":"https:\/\/serranasdomondego.pt\/en\/viagens-com-degustacao\/","title":{"rendered":"Viagens com Degusta\u00e7\u00e3o"},"content":{"rendered":"<div class=\"wpb-content-wrapper\"><div class=\"vc_row wpb_row vc_row-fluid vc_custom_1677860816035\"><div class=\"wpb_column vc_column_container vc_col-sm-6\"><div class=\"vc_column-inner\"><div class=\"wpb_wrapper\">\n\t<div class=\"wpb_text_column wpb_content_element\" >\n\t\t<div class=\"wpb_wrapper\">\n\t\t\t<h1 style=\"text-align: center;\"><span style=\"font-size: 36px; font-weight: 600;\">Enogastronomic Experience<\/span><\/h1>\n<p style=\"text-align: justify;\"><span style=\"font-size: 14pt;\">Embark on a unique experience that takes advantage of the region's gastronomy, having as a guiding principle the products once transported by mountain ferries. On board you will be able to taste several endogenous products, carefully selected, bread, sausages, cheeses, jams and regional wines.<\/span><\/p>\n<p style=\"text-align: justify;\"><strong><span style=\"font-size: 14pt;\">To enjoy this tasting it is necessary to reserve at least one day in advance.<\/span><\/strong><\/p>\n<p><span data-mce-type=\"bookmark\" style=\"display: inline-block; width: 0px; overflow: hidden; line-height: 0;\" class=\"mce_SELRES_start\"><\/span><\/p>\n\n\t\t<\/div>\n\t<\/div>\n<\/div><\/div><\/div><div class=\"wpb_column vc_column_container vc_col-sm-6\"><div class=\"vc_column-inner\"><div class=\"wpb_wrapper\">\n\t<div  class=\"wpb_single_image wpb_content_element vc_align_left\">\n\t\t\n\t\t<figure class=\"wpb_wrapper vc_figure\">\n\t\t\t<div class=\"vc_single_image-wrapper   vc_box_border_grey\"><img loading=\"lazy\" decoding=\"async\" width=\"1024\" height=\"768\" src=\"https:\/\/serranasdomondego.pt\/wp-content\/uploads\/2023\/02\/61fc0f97-c615-4a8d-84ad-fd7d1f321e37.jpg\" class=\"vc_single_image-img attachment-large\" alt=\"\" title=\"61fc0f97-c615-4a8d-84ad-fd7d1f321e37\" srcset=\"https:\/\/serranasdomondego.pt\/wp-content\/uploads\/2023\/02\/61fc0f97-c615-4a8d-84ad-fd7d1f321e37.jpg 1024w, https:\/\/serranasdomondego.pt\/wp-content\/uploads\/2023\/02\/61fc0f97-c615-4a8d-84ad-fd7d1f321e37-600x450.jpg 600w, https:\/\/serranasdomondego.pt\/wp-content\/uploads\/2023\/02\/61fc0f97-c615-4a8d-84ad-fd7d1f321e37-300x225.jpg 300w, https:\/\/serranasdomondego.pt\/wp-content\/uploads\/2023\/02\/61fc0f97-c615-4a8d-84ad-fd7d1f321e37-768x576.jpg 768w\" sizes=\"auto, (max-width: 1024px) 100vw, 1024px\"  data-dt-location=\"https:\/\/serranasdomondego.pt\/en\/home\/61fc0f97-c615-4a8d-84ad-fd7d1f321e37\/\" \/><\/div>\n\t\t<\/figure>\n\t<\/div>\n<\/div><\/div><\/div><\/div><div data-vc-full-width=\"true\" data-vc-full-width-init=\"false\" class=\"vc_row wpb_row vc_row-fluid vc_custom_1677858201194 vc_row-has-fill\"><div class=\"wpb_column vc_column_container vc_col-sm-12\"><div class=\"vc_column-inner vc_custom_1460570299912\"><div class=\"wpb_wrapper\">\n\t<div  class=\"wpb_single_image wpb_content_element vc_align_center  vc_custom_1675955879767\">\n\t\t\n\t\t<figure class=\"wpb_wrapper vc_figure\">\n\t\t\t<div class=\"vc_single_image-wrapper   vc_box_border_grey\"><img decoding=\"async\" class=\"vc_single_image-img\" src=\"https:\/\/serranasdomondego.pt\/wp-content\/uploads\/2023\/02\/Logo-Serranas-225x56.png\" width=\"225\" height=\"56\" alt=\"Logo Serranas\" title=\"Logo Serranas\" loading=\"lazy\"  data-dt-location=\"https:\/\/serranasdomondego.pt\/en\/home\/logo-serranas\/\" \/><\/div>\n\t\t<\/figure>\n\t<\/div>\n<\/div><\/div><\/div><div class=\"wpb_column vc_column_container vc_col-sm-12 vc_col-lg-offset-1 vc_col-lg-10 vc_col-md-offset-1 vc_col-md-10 vc_col-sm-offset-0\"><div class=\"vc_column-inner vc_custom_1461332951646\"><div class=\"wpb_wrapper\"><div class=\"vc_row wpb_row vc_inner vc_row-fluid\"><div class=\"wpb_column vc_column_container vc_col-sm-3\"><div class=\"vc_column-inner vc_custom_1461332837092\"><div class=\"wpb_wrapper\"><div id=\"ultimate-heading-285669e799b27f2a7\" class=\"uvc-heading ult-adjust-bottom-margin ultimate-heading-285669e799b27f2a7 uvc-6967\" data-hspacer=\"no_spacer\"  data-halign=\"center\" style=\"text-align:center\"><div class=\"uvc-heading-spacer no_spacer\" style=\"top\"><\/div><div class=\"uvc-sub-heading ult-responsive\"  data-ultimate-target='.uvc-heading.ultimate-heading-285669e799b27f2a7 .uvc-sub-heading '  data-responsive-json-new='{\"font-size\":\"desktop:15px;\",\"line-height\":\"desktop:22px;\"}'  style=\"font-family:&#039;Poppins&#039;;font-weight:normal;font-style:normal;color:#a0a0a0;\"><\/p>\n<p style=\"text-align: center; font-weight: 500;\">Company: QUADRANTE ALTERNATIVO, LDA<\/p>\n<p style=\"text-align: center; font-weight: 500;\">NIF: 514574623<\/p>\n<p style=\"text-align: center; font-weight: 500;\">Registration n\u00ba: 464\/2020<\/p>\n<p style=\"text-align: center; font-weight: 500;\">RNAAT<\/p>\n<p><\/div><\/div><\/div><\/div><\/div><div class=\"wpb_column vc_column_container vc_col-sm-3\"><div class=\"vc_column-inner vc_custom_1461332842664\"><div class=\"wpb_wrapper\"><div id=\"ultimate-heading-595769e799b27f327\" class=\"uvc-heading ult-adjust-bottom-margin ultimate-heading-595769e799b27f327 uvc-9726\" data-hspacer=\"no_spacer\"  data-halign=\"center\" style=\"text-align:center\"><div class=\"uvc-heading-spacer no_spacer\" style=\"top\"><\/div><div class=\"uvc-sub-heading ult-responsive\"  data-ultimate-target='.uvc-heading.ultimate-heading-595769e799b27f327 .uvc-sub-heading '  data-responsive-json-new='{\"font-size\":\"desktop:15px;\",\"line-height\":\"desktop:22px;\"}'  style=\"font-family:&#039;Poppins&#039;;font-weight:normal;font-style:normal;color:#a0a0a0;\"><\/p>\n<p style=\"text-align: center; font-weight: 500;\">Rua Ramal de Chelo, N\u00ba 2, Rebordosa 3360-108 Lorv\u00e3o<\/p>\n<p style=\"text-align: center; font-weight: 500;\">Mondey to Friday: 10.00h \u2013 19:00h<\/p>\n<p style=\"text-align: center; font-weight: 500;\">Saturdays and Sundays: 09.00h \u2013 19:00h<\/p>\n<p><\/div><\/div><\/div><\/div><\/div><div class=\"wpb_column vc_column_container vc_col-sm-3\"><div class=\"vc_column-inner vc_custom_1461332847822\"><div class=\"wpb_wrapper\"><div id=\"ultimate-heading-33369e799b27f389\" class=\"uvc-heading ult-adjust-bottom-margin ultimate-heading-33369e799b27f389 uvc-3678\" data-hspacer=\"no_spacer\"  data-halign=\"center\" style=\"text-align:center\"><div class=\"uvc-heading-spacer no_spacer\" style=\"top\"><\/div><div class=\"uvc-sub-heading ult-responsive\"  data-ultimate-target='.uvc-heading.ultimate-heading-33369e799b27f389 .uvc-sub-heading '  data-responsive-json-new='{\"font-size\":\"desktop:15px;\",\"line-height\":\"desktop:22px;\"}'  style=\"font-family:&#039;Poppins&#039;;font-weight:normal;font-style:normal;color:#a0a0a0;\"><\/p>\n<p style=\"text-align: center; font-weight: 500;\"><span style=\"color: #a09e93;\"><a style=\"color: #999999;\" href=\"https:\/\/serranasdomondego.pt\/en\/a-nossa-historia\/\">Our History<\/a><\/span><\/p>\n<p style=\"text-align: center;\"><span style=\"color: #a09e93;\"><a style=\"color: #999999;\" href=\"https:\/\/serranasdomondego.pt\/en\/termos-condicoes\/\">Terms &amp; Conditions<\/a><\/span><\/p>\n<p style=\"text-align: center;\"><span style=\"color: #a09e93;\"><a style=\"color: #999999;\" href=\"https:\/\/serranasdomondego.pt\/en\/politica-de-privacidade\/\">Privacy Policy<\/a><\/span><\/p>\n<p style=\"text-align: center;\"><span style=\"color: #a09e93;\"><a style=\"color: #999999;\" href=\"https:\/\/www.livroreclamacoes.pt\/INICIO\/\">Online Complaint Book<\/a><\/span><\/p>\n<p><\/div><\/div><\/div><\/div><\/div><div class=\"wpb_column vc_column_container vc_col-sm-3\"><div class=\"vc_column-inner\"><div class=\"wpb_wrapper\"><div id=\"ultimate-heading-581869e799b27f3e3\" class=\"uvc-heading ult-adjust-bottom-margin ultimate-heading-581869e799b27f3e3 uvc-5464\" data-hspacer=\"no_spacer\"  data-halign=\"center\" style=\"text-align:center\"><div class=\"uvc-heading-spacer no_spacer\" style=\"top\"><\/div><div class=\"uvc-sub-heading ult-responsive\"  data-ultimate-target='.uvc-heading.ultimate-heading-581869e799b27f3e3 .uvc-sub-heading '  data-responsive-json-new='{\"font-size\":\"desktop:15px;\",\"line-height\":\"desktop:22px;\"}'  style=\"font-family:&#039;Poppins&#039;;font-weight:normal;font-style:normal;color:#a0a0a0;\"><\/p>\n<p style=\"text-align: center; font-weight: 500;\">+351 968 039 154 (National mobile network call)<\/p>\n<p style=\"text-align: center; font-weight: 500;\">quadrantealternativo@gmail.com<\/p>\n<p><\/div><\/div><\/div><\/div><\/div><\/div><\/div><\/div><\/div><div class=\"wpb_column vc_column_container vc_col-sm-12\"><div class=\"vc_column-inner vc_custom_1460570841666\"><div class=\"wpb_wrapper\"><div class=\"uavc-icons-center uavc-icons\">\n<a class=\"aio-tooltip 69e799b27f4ca\" href=\"https:\/\/www.facebook.com\/profile.php?id=100057235275428\" target=\"_blank\" rel=\"noopener\"  data-toggle=\"tooltip\" data-placement=\"\" title=\"\"><div class=\"aio-icon circle\" data-animation=\"\" data-animation-delay=\"03\" style=\"color:#131313;background:#f7f7f7;font-size:18px;margin-right:5px;\">\n\t<i class=\"icomoon-free-social-contact-16x16-facebook\"><\/i>\n<\/div><\/a>\n<a class=\"aio-tooltip 69e799b27f4e6\" href=\"https:\/\/www.instagram.com\/serranas_do_mondego\/\" target=\"_blank\" rel=\"noopener\"  data-toggle=\"tooltip\" data-placement=\"\" title=\"\"><div class=\"aio-icon circle\" data-animation=\"\" data-animation-delay=\"03\" style=\"color:#131313;background:#f7f7f7;font-size:18px;margin-right:5px;\">\n\t<i class=\"icomoon-free-social-contact-16x16-instagram\"><\/i>\n<\/div><\/a><\/div><\/div><\/div><\/div><div class=\"wpb_column vc_column_container vc_col-sm-12\"><div class=\"vc_column-inner\"><div class=\"wpb_wrapper\"><div id=\"ultimate-heading-244969e799b27f549\" class=\"uvc-heading ult-adjust-bottom-margin ultimate-heading-244969e799b27f549 uvc-361\" data-hspacer=\"no_spacer\"  data-halign=\"center\" style=\"text-align:center\"><div class=\"uvc-heading-spacer no_spacer\" style=\"top\"><\/div><div class=\"uvc-sub-heading ult-responsive\"  data-ultimate-target='.uvc-heading.ultimate-heading-244969e799b27f549 .uvc-sub-heading '  data-responsive-json-new='{\"font-size\":\"desktop:15px;\",\"line-height\":\"desktop:22px;\"}'  style=\"font-family:&#039;Poppins&#039;;font-weight:normal;font-style:normal;color:#a0a0a0;\">Serranas do Mondego 2023. All rights reserved.<\/div><\/div><\/div><\/div><\/div><\/div><div class=\"vc_row-full-width vc_clearfix\"><\/div>\n<\/div>","protected":false},"excerpt":{"rendered":"<p>Experi\u00eancia Enogastron\u00f3mica Embarque numa experi\u00eancia \u00fanica que tira partido da gastronomia da regi\u00e3o, tendo como fio condutor os produtos outrora transportados pelas barcas serranas. Poder\u00e1 degustar a bordo v\u00e1rios produtos end\u00f3genos, criteriosamente selecionados, broa, enchidos, queijos, compotas e vinhos regionais. Para usufruir desta degusta\u00e7\u00e3o \u00e9 necess\u00e1rio a reserva com, pelo menos, um dia de anteced\u00eancia.&hellip;<\/p>","protected":false},"author":1,"featured_media":0,"parent":0,"menu_order":0,"comment_status":"closed","ping_status":"closed","template":"","meta":{"footnotes":""},"class_list":["post-2145","page","type-page","status-publish","hentry","description-off"],"yoast_head":"<!-- This site is optimized with the Yoast SEO plugin v21.7 - https:\/\/yoast.com\/wordpress\/plugins\/seo\/ -->\n<title>Viagens com Degusta\u00e7\u00e3o - Serranas do Mondego<\/title>\n<meta name=\"robots\" content=\"index, follow, max-snippet:-1, max-image-preview:large, max-video-preview:-1\" \/>\n<link rel=\"canonical\" href=\"https:\/\/serranasdomondego.pt\/en\/viagens-com-degustacao\/\" \/>\n<meta property=\"og:locale\" content=\"en_US\" \/>\n<meta property=\"og:type\" content=\"article\" \/>\n<meta property=\"og:title\" content=\"Viagens com Degusta\u00e7\u00e3o - Serranas do Mondego\" \/>\n<meta property=\"og:url\" content=\"https:\/\/serranasdomondego.pt\/en\/viagens-com-degustacao\/\" \/>\n<meta property=\"og:site_name\" content=\"Serranas do Mondego\" \/>\n<meta property=\"article:publisher\" content=\"https:\/\/www.facebook.com\/profile.php?id=100057235275428\" \/>\n<meta property=\"article:modified_time\" content=\"2023-03-15T16:24:50+00:00\" \/>\n<meta name=\"twitter:card\" content=\"summary_large_image\" \/>\n<meta name=\"twitter:label1\" content=\"Est. reading time\" \/>\n\t<meta name=\"twitter:data1\" content=\"4 minutes\" \/>\n<script type=\"application\/ld+json\" class=\"yoast-schema-graph\">{\"@context\":\"https:\/\/schema.org\",\"@graph\":[{\"@type\":\"WebPage\",\"@id\":\"https:\/\/serranasdomondego.pt\/viagens-com-degustacao\/\",\"url\":\"https:\/\/serranasdomondego.pt\/viagens-com-degustacao\/\",\"name\":\"Viagens com Degusta\u00e7\u00e3o - Serranas do Mondego\",\"isPartOf\":{\"@id\":\"https:\/\/serranasdomondego.pt\/#website\"},\"datePublished\":\"2023-03-05T15:49:16+00:00\",\"dateModified\":\"2023-03-15T16:24:50+00:00\",\"breadcrumb\":{\"@id\":\"https:\/\/serranasdomondego.pt\/viagens-com-degustacao\/#breadcrumb\"},\"inLanguage\":\"en-US\",\"potentialAction\":[{\"@type\":\"ReadAction\",\"target\":[\"https:\/\/serranasdomondego.pt\/viagens-com-degustacao\/\"]}]},{\"@type\":\"BreadcrumbList\",\"@id\":\"https:\/\/serranasdomondego.pt\/viagens-com-degustacao\/#breadcrumb\",\"itemListElement\":[{\"@type\":\"ListItem\",\"position\":1,\"name\":\"In\u00edcio\",\"item\":\"https:\/\/serranasdomondego.pt\/\"},{\"@type\":\"ListItem\",\"position\":2,\"name\":\"Viagens com Degusta\u00e7\u00e3o\"}]},{\"@type\":\"WebSite\",\"@id\":\"https:\/\/serranasdomondego.pt\/#website\",\"url\":\"https:\/\/serranasdomondego.pt\/\",\"name\":\"Serranas do Mondego\",\"description\":\"Passeios de barco no Mondego, acompanhados de gastronomia regional. Visite Coimbra e a sua hist\u00f3ria.\",\"potentialAction\":[{\"@type\":\"SearchAction\",\"target\":{\"@type\":\"EntryPoint\",\"urlTemplate\":\"https:\/\/serranasdomondego.pt\/?s={search_term_string}\"},\"query-input\":\"required name=search_term_string\"}],\"inLanguage\":\"en-US\"}]}<\/script>\n<!-- \/ Yoast SEO plugin. -->","yoast_head_json":{"title":"Viagens com Degusta\u00e7\u00e3o - Serranas do Mondego","robots":{"index":"index","follow":"follow","max-snippet":"max-snippet:-1","max-image-preview":"max-image-preview:large","max-video-preview":"max-video-preview:-1"},"canonical":"https:\/\/serranasdomondego.pt\/en\/viagens-com-degustacao\/","og_locale":"en_US","og_type":"article","og_title":"Viagens com Degusta\u00e7\u00e3o - Serranas do Mondego","og_url":"https:\/\/serranasdomondego.pt\/en\/viagens-com-degustacao\/","og_site_name":"Serranas do Mondego","article_publisher":"https:\/\/www.facebook.com\/profile.php?id=100057235275428","article_modified_time":"2023-03-15T16:24:50+00:00","twitter_card":"summary_large_image","twitter_misc":{"Est. reading time":"4 minutes"},"schema":{"@context":"https:\/\/schema.org","@graph":[{"@type":"WebPage","@id":"https:\/\/serranasdomondego.pt\/viagens-com-degustacao\/","url":"https:\/\/serranasdomondego.pt\/viagens-com-degustacao\/","name":"Viagens com Degusta\u00e7\u00e3o - Serranas do Mondego","isPartOf":{"@id":"https:\/\/serranasdomondego.pt\/#website"},"datePublished":"2023-03-05T15:49:16+00:00","dateModified":"2023-03-15T16:24:50+00:00","breadcrumb":{"@id":"https:\/\/serranasdomondego.pt\/viagens-com-degustacao\/#breadcrumb"},"inLanguage":"en-US","potentialAction":[{"@type":"ReadAction","target":["https:\/\/serranasdomondego.pt\/viagens-com-degustacao\/"]}]},{"@type":"BreadcrumbList","@id":"https:\/\/serranasdomondego.pt\/viagens-com-degustacao\/#breadcrumb","itemListElement":[{"@type":"ListItem","position":1,"name":"In\u00edcio","item":"https:\/\/serranasdomondego.pt\/"},{"@type":"ListItem","position":2,"name":"Viagens com Degusta\u00e7\u00e3o"}]},{"@type":"WebSite","@id":"https:\/\/serranasdomondego.pt\/#website","url":"https:\/\/serranasdomondego.pt\/","name":"Serranas do Mondego","description":"Passeios de barco no Mondego, acompanhados de gastronomia regional. Visite Coimbra e a sua hist\u00f3ria.","potentialAction":[{"@type":"SearchAction","target":{"@type":"EntryPoint","urlTemplate":"https:\/\/serranasdomondego.pt\/?s={search_term_string}"},"query-input":"required name=search_term_string"}],"inLanguage":"en-US"}]}},"_links":{"self":[{"href":"https:\/\/serranasdomondego.pt\/en\/wp-json\/wp\/v2\/pages\/2145","targetHints":{"allow":["GET"]}}],"collection":[{"href":"https:\/\/serranasdomondego.pt\/en\/wp-json\/wp\/v2\/pages"}],"about":[{"href":"https:\/\/serranasdomondego.pt\/en\/wp-json\/wp\/v2\/types\/page"}],"author":[{"embeddable":true,"href":"https:\/\/serranasdomondego.pt\/en\/wp-json\/wp\/v2\/users\/1"}],"replies":[{"embeddable":true,"href":"https:\/\/serranasdomondego.pt\/en\/wp-json\/wp\/v2\/comments?post=2145"}],"version-history":[{"count":10,"href":"https:\/\/serranasdomondego.pt\/en\/wp-json\/wp\/v2\/pages\/2145\/revisions"}],"predecessor-version":[{"id":2263,"href":"https:\/\/serranasdomondego.pt\/en\/wp-json\/wp\/v2\/pages\/2145\/revisions\/2263"}],"wp:attachment":[{"href":"https:\/\/serranasdomondego.pt\/en\/wp-json\/wp\/v2\/media?parent=2145"}],"curies":[{"name":"wp","href":"https:\/\/api.w.org\/{rel}","templated":true}]}}