{"id":2143,"date":"2023-03-05T15:01:10","date_gmt":"2023-03-05T15:01:10","guid":{"rendered":"https:\/\/serranasdomondego.pt\/?page_id=2143"},"modified":"2023-03-15T16:23:19","modified_gmt":"2023-03-15T16:23:19","slug":"viagens-com-historia","status":"publish","type":"page","link":"https:\/\/serranasdomondego.pt\/en\/viagens-com-historia\/","title":{"rendered":"Viagens com Hist\u00f3ria"},"content":{"rendered":"<div class=\"wpb-content-wrapper\"><div class=\"vc_row wpb_row vc_row-fluid vc_custom_1677860816035\"><div class=\"wpb_column vc_column_container vc_col-sm-6\"><div class=\"vc_column-inner\"><div class=\"wpb_wrapper\">\n\t<div class=\"wpb_text_column wpb_content_element\" >\n\t\t<div class=\"wpb_wrapper\">\n\t\t\t<h1 style=\"text-align: center;\"><span style=\"font-size: 36px; font-weight: 600;\">Historical Immersion<\/span><\/h1>\n<p style=\"text-align: justify;\"><span style=\"font-size: 14pt;\">Embark on a journey into the past, through a detailed explanation by our guides. You can enjoy a walk with breathtaking views while discovering the history of the ferry, and the importance that this means of transport played as an economic and cultural driver in the region.<\/span><\/p>\n\n\t\t<\/div>\n\t<\/div>\n<\/div><\/div><\/div><div class=\"wpb_column vc_column_container vc_col-sm-6\"><div class=\"vc_column-inner\"><div class=\"wpb_wrapper\">\n\t<div  class=\"wpb_single_image wpb_content_element vc_align_left\">\n\t\t\n\t\t<figure class=\"wpb_wrapper vc_figure\">\n\t\t\t<div class=\"vc_single_image-wrapper   vc_box_border_grey\"><img loading=\"lazy\" decoding=\"async\" width=\"1008\" height=\"756\" src=\"https:\/\/serranasdomondego.pt\/wp-content\/uploads\/2023\/02\/IMG_7054.jpeg\" class=\"vc_single_image-img attachment-large\" alt=\"\" title=\"IMG_7054\" srcset=\"https:\/\/serranasdomondego.pt\/wp-content\/uploads\/2023\/02\/IMG_7054.jpeg 1008w, https:\/\/serranasdomondego.pt\/wp-content\/uploads\/2023\/02\/IMG_7054-600x450.jpeg 600w, https:\/\/serranasdomondego.pt\/wp-content\/uploads\/2023\/02\/IMG_7054-300x225.jpeg 300w, https:\/\/serranasdomondego.pt\/wp-content\/uploads\/2023\/02\/IMG_7054-768x576.jpeg 768w\" sizes=\"auto, (max-width: 1008px) 100vw, 1008px\"  data-dt-location=\"https:\/\/serranasdomondego.pt\/en\/home\/img_7054\/\" \/><\/div>\n\t\t<\/figure>\n\t<\/div>\n<\/div><\/div><\/div><\/div><div data-vc-full-width=\"true\" data-vc-full-width-init=\"false\" class=\"vc_row wpb_row vc_row-fluid vc_custom_1677858201194 vc_row-has-fill\"><div class=\"wpb_column vc_column_container vc_col-sm-12\"><div class=\"vc_column-inner vc_custom_1460570299912\"><div class=\"wpb_wrapper\">\n\t<div  class=\"wpb_single_image wpb_content_element vc_align_center  vc_custom_1675955879767\">\n\t\t\n\t\t<figure class=\"wpb_wrapper vc_figure\">\n\t\t\t<div class=\"vc_single_image-wrapper   vc_box_border_grey\"><img decoding=\"async\" class=\"vc_single_image-img\" src=\"https:\/\/serranasdomondego.pt\/wp-content\/uploads\/2023\/02\/Logo-Serranas-225x56.png\" width=\"225\" height=\"56\" alt=\"Logo Serranas\" title=\"Logo Serranas\" loading=\"lazy\"  data-dt-location=\"https:\/\/serranasdomondego.pt\/en\/home\/logo-serranas\/\" \/><\/div>\n\t\t<\/figure>\n\t<\/div>\n<\/div><\/div><\/div><div class=\"wpb_column vc_column_container vc_col-sm-12 vc_col-lg-offset-1 vc_col-lg-10 vc_col-md-offset-1 vc_col-md-10 vc_col-sm-offset-0\"><div class=\"vc_column-inner vc_custom_1461332951646\"><div class=\"wpb_wrapper\"><div class=\"vc_row wpb_row vc_inner vc_row-fluid\"><div class=\"wpb_column vc_column_container vc_col-sm-3\"><div class=\"vc_column-inner vc_custom_1461332837092\"><div class=\"wpb_wrapper\"><div id=\"ultimate-heading-220969f2819d5d209\" class=\"uvc-heading ult-adjust-bottom-margin ultimate-heading-220969f2819d5d209 uvc-9287\" data-hspacer=\"no_spacer\"  data-halign=\"center\" style=\"text-align:center\"><div class=\"uvc-heading-spacer no_spacer\" style=\"top\"><\/div><div class=\"uvc-sub-heading ult-responsive\"  data-ultimate-target='.uvc-heading.ultimate-heading-220969f2819d5d209 .uvc-sub-heading '  data-responsive-json-new='{\"font-size\":\"desktop:15px;\",\"line-height\":\"desktop:22px;\"}'  style=\"font-family:&#039;Poppins&#039;;font-weight:normal;font-style:normal;color:#a0a0a0;\"><\/p>\n<p style=\"text-align: center; font-weight: 500;\">Company: QUADRANTE ALTERNATIVO, LDA<\/p>\n<p style=\"text-align: center; font-weight: 500;\">NIF: 514574623<\/p>\n<p style=\"text-align: center; font-weight: 500;\">Registration n\u00ba: 464\/2020<\/p>\n<p style=\"text-align: center; font-weight: 500;\">RNAAT<\/p>\n<p><\/div><\/div><\/div><\/div><\/div><div class=\"wpb_column vc_column_container vc_col-sm-3\"><div class=\"vc_column-inner vc_custom_1461332842664\"><div class=\"wpb_wrapper\"><div id=\"ultimate-heading-856969f2819d5d296\" class=\"uvc-heading ult-adjust-bottom-margin ultimate-heading-856969f2819d5d296 uvc-7381\" data-hspacer=\"no_spacer\"  data-halign=\"center\" style=\"text-align:center\"><div class=\"uvc-heading-spacer no_spacer\" style=\"top\"><\/div><div class=\"uvc-sub-heading ult-responsive\"  data-ultimate-target='.uvc-heading.ultimate-heading-856969f2819d5d296 .uvc-sub-heading '  data-responsive-json-new='{\"font-size\":\"desktop:15px;\",\"line-height\":\"desktop:22px;\"}'  style=\"font-family:&#039;Poppins&#039;;font-weight:normal;font-style:normal;color:#a0a0a0;\"><\/p>\n<p style=\"text-align: center; font-weight: 500;\">Rua Ramal de Chelo, N\u00ba 2, Rebordosa 3360-108 Lorv\u00e3o<\/p>\n<p style=\"text-align: center; font-weight: 500;\">Mondey to Friday: 10.00h \u2013 19:00h<\/p>\n<p style=\"text-align: center; font-weight: 500;\">Saturdays and Sundays: 09.00h \u2013 19:00h<\/p>\n<p><\/div><\/div><\/div><\/div><\/div><div class=\"wpb_column vc_column_container vc_col-sm-3\"><div class=\"vc_column-inner vc_custom_1461332847822\"><div class=\"wpb_wrapper\"><div id=\"ultimate-heading-275869f2819d5d300\" class=\"uvc-heading ult-adjust-bottom-margin ultimate-heading-275869f2819d5d300 uvc-2955\" data-hspacer=\"no_spacer\"  data-halign=\"center\" style=\"text-align:center\"><div class=\"uvc-heading-spacer no_spacer\" style=\"top\"><\/div><div class=\"uvc-sub-heading ult-responsive\"  data-ultimate-target='.uvc-heading.ultimate-heading-275869f2819d5d300 .uvc-sub-heading '  data-responsive-json-new='{\"font-size\":\"desktop:15px;\",\"line-height\":\"desktop:22px;\"}'  style=\"font-family:&#039;Poppins&#039;;font-weight:normal;font-style:normal;color:#a0a0a0;\"><\/p>\n<p style=\"text-align: center; font-weight: 500;\"><span style=\"color: #a09e93;\"><a style=\"color: #999999;\" href=\"https:\/\/serranasdomondego.pt\/en\/a-nossa-historia\/\">Our History<\/a><\/span><\/p>\n<p style=\"text-align: center;\"><span style=\"color: #a09e93;\"><a style=\"color: #999999;\" href=\"https:\/\/serranasdomondego.pt\/en\/termos-condicoes\/\">Terms &amp; Conditions<\/a><\/span><\/p>\n<p style=\"text-align: center;\"><span style=\"color: #a09e93;\"><a style=\"color: #999999;\" href=\"https:\/\/serranasdomondego.pt\/en\/politica-de-privacidade\/\">Privacy Policy<\/a><\/span><\/p>\n<p style=\"text-align: center;\"><span style=\"color: #a09e93;\"><a style=\"color: #999999;\" href=\"https:\/\/www.livroreclamacoes.pt\/INICIO\/\">Online Complaint Book<\/a><\/span><\/p>\n<p><\/div><\/div><\/div><\/div><\/div><div class=\"wpb_column vc_column_container vc_col-sm-3\"><div class=\"vc_column-inner\"><div class=\"wpb_wrapper\"><div id=\"ultimate-heading-932469f2819d5d359\" class=\"uvc-heading ult-adjust-bottom-margin ultimate-heading-932469f2819d5d359 uvc-9978\" data-hspacer=\"no_spacer\"  data-halign=\"center\" style=\"text-align:center\"><div class=\"uvc-heading-spacer no_spacer\" style=\"top\"><\/div><div class=\"uvc-sub-heading ult-responsive\"  data-ultimate-target='.uvc-heading.ultimate-heading-932469f2819d5d359 .uvc-sub-heading '  data-responsive-json-new='{\"font-size\":\"desktop:15px;\",\"line-height\":\"desktop:22px;\"}'  style=\"font-family:&#039;Poppins&#039;;font-weight:normal;font-style:normal;color:#a0a0a0;\"><\/p>\n<p style=\"text-align: center; font-weight: 500;\">+351 968 039 154 (National mobile network call)<\/p>\n<p style=\"text-align: center; font-weight: 500;\">quadrantealternativo@gmail.com<\/p>\n<p><\/div><\/div><\/div><\/div><\/div><\/div><\/div><\/div><\/div><div class=\"wpb_column vc_column_container vc_col-sm-12\"><div class=\"vc_column-inner vc_custom_1460570841666\"><div class=\"wpb_wrapper\"><div class=\"uavc-icons-center uavc-icons\">\n<a class=\"aio-tooltip 69f2819d5d44c\" href=\"https:\/\/www.facebook.com\/profile.php?id=100057235275428\" target=\"_blank\" rel=\"noopener\"  data-toggle=\"tooltip\" data-placement=\"\" title=\"\"><div class=\"aio-icon circle\" data-animation=\"\" data-animation-delay=\"03\" style=\"color:#131313;background:#f7f7f7;font-size:18px;margin-right:5px;\">\n\t<i class=\"icomoon-free-social-contact-16x16-facebook\"><\/i>\n<\/div><\/a>\n<a class=\"aio-tooltip 69f2819d5d468\" href=\"https:\/\/www.instagram.com\/serranas_do_mondego\/\" target=\"_blank\" rel=\"noopener\"  data-toggle=\"tooltip\" data-placement=\"\" title=\"\"><div class=\"aio-icon circle\" data-animation=\"\" data-animation-delay=\"03\" style=\"color:#131313;background:#f7f7f7;font-size:18px;margin-right:5px;\">\n\t<i class=\"icomoon-free-social-contact-16x16-instagram\"><\/i>\n<\/div><\/a><\/div><\/div><\/div><\/div><div class=\"wpb_column vc_column_container vc_col-sm-12\"><div class=\"vc_column-inner\"><div class=\"wpb_wrapper\"><div id=\"ultimate-heading-910269f2819d5d4ca\" class=\"uvc-heading ult-adjust-bottom-margin ultimate-heading-910269f2819d5d4ca uvc-1329\" data-hspacer=\"no_spacer\"  data-halign=\"center\" style=\"text-align:center\"><div class=\"uvc-heading-spacer no_spacer\" style=\"top\"><\/div><div class=\"uvc-sub-heading ult-responsive\"  data-ultimate-target='.uvc-heading.ultimate-heading-910269f2819d5d4ca .uvc-sub-heading '  data-responsive-json-new='{\"font-size\":\"desktop:15px;\",\"line-height\":\"desktop:22px;\"}'  style=\"font-family:&#039;Poppins&#039;;font-weight:normal;font-style:normal;color:#a0a0a0;\">Serranas do Mondego 2023. All rights reserved.<\/div><\/div><\/div><\/div><\/div><\/div><div class=\"vc_row-full-width vc_clearfix\"><\/div>\n<\/div>","protected":false},"excerpt":{"rendered":"<p>Imers\u00e3o Hist\u00f3rica Embarque numa viagem at\u00e9 ao passado, atrav\u00e9s de uma explica\u00e7\u00e3o detalhada dos nossos guias. Poder\u00e1 usufruir de um passeio com vistas deslumbrantes enquanto descobre a hist\u00f3ria da barca, e da import\u00e2ncia que este meio de transporte desempenhou como impulsionador econ\u00f3mico e cultural da regi\u00e3o. Empresa: QUADRANTE ALTERNATIVO, LDA NIF: 514574623 Registo n\u00ba: 464\/2020&hellip;<\/p>","protected":false},"author":1,"featured_media":0,"parent":0,"menu_order":0,"comment_status":"closed","ping_status":"closed","template":"","meta":{"footnotes":""},"class_list":["post-2143","page","type-page","status-publish","hentry","description-off"],"yoast_head":"<!-- This site is optimized with the Yoast SEO plugin v21.7 - https:\/\/yoast.com\/wordpress\/plugins\/seo\/ -->\n<title>Viagens com Hist\u00f3ria - Serranas do Mondego<\/title>\n<meta name=\"robots\" content=\"index, follow, max-snippet:-1, max-image-preview:large, max-video-preview:-1\" \/>\n<link rel=\"canonical\" href=\"https:\/\/serranasdomondego.pt\/en\/viagens-com-historia\/\" \/>\n<meta property=\"og:locale\" content=\"en_US\" \/>\n<meta property=\"og:type\" content=\"article\" \/>\n<meta property=\"og:title\" content=\"Viagens com Hist\u00f3ria - Serranas do Mondego\" \/>\n<meta property=\"og:url\" content=\"https:\/\/serranasdomondego.pt\/en\/viagens-com-historia\/\" \/>\n<meta property=\"og:site_name\" content=\"Serranas do Mondego\" \/>\n<meta property=\"article:publisher\" content=\"https:\/\/www.facebook.com\/profile.php?id=100057235275428\" \/>\n<meta property=\"article:modified_time\" content=\"2023-03-15T16:23:19+00:00\" \/>\n<meta name=\"twitter:card\" content=\"summary_large_image\" \/>\n<meta name=\"twitter:label1\" content=\"Est. reading time\" \/>\n\t<meta name=\"twitter:data1\" content=\"4 minutes\" \/>\n<script type=\"application\/ld+json\" class=\"yoast-schema-graph\">{\"@context\":\"https:\/\/schema.org\",\"@graph\":[{\"@type\":\"WebPage\",\"@id\":\"https:\/\/serranasdomondego.pt\/viagens-com-historia\/\",\"url\":\"https:\/\/serranasdomondego.pt\/viagens-com-historia\/\",\"name\":\"Viagens com Hist\u00f3ria - Serranas do Mondego\",\"isPartOf\":{\"@id\":\"https:\/\/serranasdomondego.pt\/#website\"},\"datePublished\":\"2023-03-05T15:01:10+00:00\",\"dateModified\":\"2023-03-15T16:23:19+00:00\",\"breadcrumb\":{\"@id\":\"https:\/\/serranasdomondego.pt\/viagens-com-historia\/#breadcrumb\"},\"inLanguage\":\"en-US\",\"potentialAction\":[{\"@type\":\"ReadAction\",\"target\":[\"https:\/\/serranasdomondego.pt\/viagens-com-historia\/\"]}]},{\"@type\":\"BreadcrumbList\",\"@id\":\"https:\/\/serranasdomondego.pt\/viagens-com-historia\/#breadcrumb\",\"itemListElement\":[{\"@type\":\"ListItem\",\"position\":1,\"name\":\"In\u00edcio\",\"item\":\"https:\/\/serranasdomondego.pt\/\"},{\"@type\":\"ListItem\",\"position\":2,\"name\":\"Viagens com Hist\u00f3ria\"}]},{\"@type\":\"WebSite\",\"@id\":\"https:\/\/serranasdomondego.pt\/#website\",\"url\":\"https:\/\/serranasdomondego.pt\/\",\"name\":\"Serranas do Mondego\",\"description\":\"Passeios de barco no Mondego, acompanhados de gastronomia regional. Visite Coimbra e a sua hist\u00f3ria.\",\"potentialAction\":[{\"@type\":\"SearchAction\",\"target\":{\"@type\":\"EntryPoint\",\"urlTemplate\":\"https:\/\/serranasdomondego.pt\/?s={search_term_string}\"},\"query-input\":\"required name=search_term_string\"}],\"inLanguage\":\"en-US\"}]}<\/script>\n<!-- \/ Yoast SEO plugin. -->","yoast_head_json":{"title":"Viagens com Hist\u00f3ria - Serranas do Mondego","robots":{"index":"index","follow":"follow","max-snippet":"max-snippet:-1","max-image-preview":"max-image-preview:large","max-video-preview":"max-video-preview:-1"},"canonical":"https:\/\/serranasdomondego.pt\/en\/viagens-com-historia\/","og_locale":"en_US","og_type":"article","og_title":"Viagens com Hist\u00f3ria - Serranas do Mondego","og_url":"https:\/\/serranasdomondego.pt\/en\/viagens-com-historia\/","og_site_name":"Serranas do Mondego","article_publisher":"https:\/\/www.facebook.com\/profile.php?id=100057235275428","article_modified_time":"2023-03-15T16:23:19+00:00","twitter_card":"summary_large_image","twitter_misc":{"Est. reading time":"4 minutes"},"schema":{"@context":"https:\/\/schema.org","@graph":[{"@type":"WebPage","@id":"https:\/\/serranasdomondego.pt\/viagens-com-historia\/","url":"https:\/\/serranasdomondego.pt\/viagens-com-historia\/","name":"Viagens com Hist\u00f3ria - Serranas do Mondego","isPartOf":{"@id":"https:\/\/serranasdomondego.pt\/#website"},"datePublished":"2023-03-05T15:01:10+00:00","dateModified":"2023-03-15T16:23:19+00:00","breadcrumb":{"@id":"https:\/\/serranasdomondego.pt\/viagens-com-historia\/#breadcrumb"},"inLanguage":"en-US","potentialAction":[{"@type":"ReadAction","target":["https:\/\/serranasdomondego.pt\/viagens-com-historia\/"]}]},{"@type":"BreadcrumbList","@id":"https:\/\/serranasdomondego.pt\/viagens-com-historia\/#breadcrumb","itemListElement":[{"@type":"ListItem","position":1,"name":"In\u00edcio","item":"https:\/\/serranasdomondego.pt\/"},{"@type":"ListItem","position":2,"name":"Viagens com Hist\u00f3ria"}]},{"@type":"WebSite","@id":"https:\/\/serranasdomondego.pt\/#website","url":"https:\/\/serranasdomondego.pt\/","name":"Serranas do Mondego","description":"Passeios de barco no Mondego, acompanhados de gastronomia regional. Visite Coimbra e a sua hist\u00f3ria.","potentialAction":[{"@type":"SearchAction","target":{"@type":"EntryPoint","urlTemplate":"https:\/\/serranasdomondego.pt\/?s={search_term_string}"},"query-input":"required name=search_term_string"}],"inLanguage":"en-US"}]}},"_links":{"self":[{"href":"https:\/\/serranasdomondego.pt\/en\/wp-json\/wp\/v2\/pages\/2143","targetHints":{"allow":["GET"]}}],"collection":[{"href":"https:\/\/serranasdomondego.pt\/en\/wp-json\/wp\/v2\/pages"}],"about":[{"href":"https:\/\/serranasdomondego.pt\/en\/wp-json\/wp\/v2\/types\/page"}],"author":[{"embeddable":true,"href":"https:\/\/serranasdomondego.pt\/en\/wp-json\/wp\/v2\/users\/1"}],"replies":[{"embeddable":true,"href":"https:\/\/serranasdomondego.pt\/en\/wp-json\/wp\/v2\/comments?post=2143"}],"version-history":[{"count":5,"href":"https:\/\/serranasdomondego.pt\/en\/wp-json\/wp\/v2\/pages\/2143\/revisions"}],"predecessor-version":[{"id":2262,"href":"https:\/\/serranasdomondego.pt\/en\/wp-json\/wp\/v2\/pages\/2143\/revisions\/2262"}],"wp:attachment":[{"href":"https:\/\/serranasdomondego.pt\/en\/wp-json\/wp\/v2\/media?parent=2143"}],"curies":[{"name":"wp","href":"https:\/\/api.w.org\/{rel}","templated":true}]}}